{"id":32,"date":"2020-04-15T09:41:52","date_gmt":"2020-04-15T09:41:52","guid":{"rendered":"https:\/\/themes.muffingroup.com\/be\/charity3\/?page_id=32"},"modified":"2023-02-14T12:19:53","modified_gmt":"2023-02-14T12:19:53","slug":"success-stories","status":"publish","type":"page","link":"https:\/\/flavoursofeurope.eu\/ro_ro\/success-stories\/","title":{"rendered":"Rezultate"},"content":{"rendered":"<div data-vc-full-width=\"true\" data-vc-full-width-init=\"false\" data-vc-stretch-content=\"true\" class=\"vc_row wpb_row vc_row-fluid vc_row-no-padding\"><div class=\"wpb_column vc_column_container vc_col-sm-12\"><div class=\"vc_column-inner\"><div class=\"wpb_wrapper\"><div class=\"vc_empty_space\"   style=\"height: 50px\"><span class=\"vc_empty_space_inner\"><\/span><\/div>\n\t<div  class=\"wpb_single_image wpb_content_element vc_align_left\">\n\t\t\n\t\t<figure class=\"wpb_wrapper vc_figure\">\n\t\t\t<div class=\"vc_single_image-wrapper   vc_box_border_grey\"><img width=\"2048\" height=\"658\" src=\"https:\/\/flavoursofeurope.eu\/wp-content\/uploads\/2023\/02\/Arctic-Restaurant-Autumn-flavors-Rovaniemi-Lapland-Finland.jpg\" class=\"vc_single_image-img attachment-full\" alt=\"\" decoding=\"async\" loading=\"lazy\" title=\"Arctic-Restaurant-Autumn-flavors-Rovaniemi-Lapland-Finland\" srcset=\"https:\/\/flavoursofeurope.eu\/wp-content\/uploads\/2023\/02\/Arctic-Restaurant-Autumn-flavors-Rovaniemi-Lapland-Finland.jpg 2048w, https:\/\/flavoursofeurope.eu\/wp-content\/uploads\/2023\/02\/Arctic-Restaurant-Autumn-flavors-Rovaniemi-Lapland-Finland-300x96.jpg 300w, https:\/\/flavoursofeurope.eu\/wp-content\/uploads\/2023\/02\/Arctic-Restaurant-Autumn-flavors-Rovaniemi-Lapland-Finland-1024x329.jpg 1024w, https:\/\/flavoursofeurope.eu\/wp-content\/uploads\/2023\/02\/Arctic-Restaurant-Autumn-flavors-Rovaniemi-Lapland-Finland-768x247.jpg 768w, https:\/\/flavoursofeurope.eu\/wp-content\/uploads\/2023\/02\/Arctic-Restaurant-Autumn-flavors-Rovaniemi-Lapland-Finland-1536x494.jpg 1536w, https:\/\/flavoursofeurope.eu\/wp-content\/uploads\/2023\/02\/Arctic-Restaurant-Autumn-flavors-Rovaniemi-Lapland-Finland-260x84.jpg 260w, https:\/\/flavoursofeurope.eu\/wp-content\/uploads\/2023\/02\/Arctic-Restaurant-Autumn-flavors-Rovaniemi-Lapland-Finland-50x16.jpg 50w, https:\/\/flavoursofeurope.eu\/wp-content\/uploads\/2023\/02\/Arctic-Restaurant-Autumn-flavors-Rovaniemi-Lapland-Finland-150x48.jpg 150w\" sizes=\"(max-width: 2048px) 100vw, 2048px\" \/><\/div>\n\t\t<\/figure>\n\t<\/div>\n<\/div><\/div><\/div><\/div><div class=\"vc_row-full-width vc_clearfix\"><\/div><div class=\"vc_row wpb_row vc_row-fluid\"><div class=\"wpb_column vc_column_container vc_col-sm-12\"><div class=\"vc_column-inner\"><div class=\"wpb_wrapper\">\n\t<div class=\"wpb_text_column wpb_content_element\" >\n\t\t<div class=\"wpb_wrapper\">\n\t\t\t<div class=\"vc_row wpb_row vc_row-fluid\">\n<div class=\"wpb_column vc_column_container vc_col-sm-10\">\n<div class=\"vc_column-inner\">\n<div class=\"wpb_wrapper\">\n<div class=\"wpb_text_column wpb_content_element vc_custom_1676371452111\">\n<div class=\"wpb_wrapper\">\n<h3><span style=\"color: #e56565;\"><strong>Chose a result from the list below<\/strong><\/span><\/h3>\n<\/div>\n<\/div>\n<\/div>\n<\/div>\n<\/div>\n<\/div>\n\n\t\t<\/div>\n\t<\/div>\n\n\t<div class=\"wpb_text_column wpb_content_element  vc_custom_1676377107157\" >\n\t\t<div class=\"wpb_wrapper\">\n\t\t\t<h3><a href=\"https:\/\/flavoursofeurope.eu\/ro_ro\/white-paper-on-gastronomy-cultural-heritage-and-tourism-digital-marketing\/\">CARTA ALB\u0102 privind Marketingul Digital \u00een Turismul Gastronomic<\/a><\/h3>\n\n\t\t<\/div>\n\t<\/div>\n\n\t<div class=\"wpb_text_column wpb_content_element  vc_custom_1676377185934\" >\n\t\t<div class=\"wpb_wrapper\">\n\t\t\t<h3><a href=\"https:\/\/flavoursofeurope.eu\/ro_ro\/training-course-on-digitalisation-of-rural-gastronomic-cultural-heritage-in-europe\/\">CURS de Instruire cu privire la Digitalizarea patrimoniului gastronomic rural \u00een Europa<\/a><\/h3>\n\n\t\t<\/div>\n\t<\/div>\n\n\t<div class=\"wpb_text_column wpb_content_element  vc_custom_1676376985474\" >\n\t\t<div class=\"wpb_wrapper\">\n\t\t\t<h3><a href=\"https:\/\/flavoursofeurope.eu\/ro_ro\/educational-e-learning-platform-cu-textul-din-newsletter\/\">Platform\u0103 educa\u021bional\u0103 de E-learning<\/a><\/h3>\n\n\t\t<\/div>\n\t<\/div>\n<div class=\"vc_empty_space\"   style=\"height: 32px\"><span class=\"vc_empty_space_inner\"><\/span><\/div><\/div><\/div><\/div><\/div><div data-vc-full-width=\"true\" data-vc-full-width-init=\"false\" class=\"vc_row wpb_row vc_row-fluid vc_custom_1676371208245 vc_row-has-fill\"><div class=\"wpb_column vc_column_container vc_col-sm-12\"><div class=\"vc_column-inner\"><div class=\"wpb_wrapper\">\n\t<div class=\"wpb_text_column wpb_content_element  vc_custom_1676371240656\" >\n\t\t<div class=\"wpb_wrapper\">\n\t\t\t<p class=\" translation-block\"><span style=\"color: #ffffff\"><strong><span class=\"markedContent\"><span dir=\"ltr\" role=\"presentation\">Sprijinul Comisiei Europene pentru realizarea acestei publica\u021bii nu constituie o aprobare a con\u021binutului care reflect\u0103 numai punctele de vedere ale autorilor, iar Comisia nu poate fi tras\u0103 la r\u0103spundere pentru orice utilizare a informa\u021biilor con\u021binute \u00een aceasta.<\/strong><\/span><\/p>\n\n\t\t<\/div>\n\t<\/div>\n<\/div><\/div><\/div><\/div><div class=\"vc_row-full-width vc_clearfix\"><\/div>","protected":false},"excerpt":{"rendered":"Chose a result from the list below White Paper on Gastronomy Cultural Heritage and Tourism Digital Marketing Training COURSE on Digitalisation of Rural Gastronomic Cultural Heritage<span class=\"excerpt-hellip\"> [\u2026]<\/span>","protected":false},"author":1,"featured_media":0,"parent":0,"menu_order":0,"comment_status":"closed","ping_status":"closed","template":"","meta":[],"_links":{"self":[{"href":"https:\/\/flavoursofeurope.eu\/ro_ro\/wp-json\/wp\/v2\/pages\/32"}],"collection":[{"href":"https:\/\/flavoursofeurope.eu\/ro_ro\/wp-json\/wp\/v2\/pages"}],"about":[{"href":"https:\/\/flavoursofeurope.eu\/ro_ro\/wp-json\/wp\/v2\/types\/page"}],"author":[{"embeddable":true,"href":"https:\/\/flavoursofeurope.eu\/ro_ro\/wp-json\/wp\/v2\/users\/1"}],"replies":[{"embeddable":true,"href":"https:\/\/flavoursofeurope.eu\/ro_ro\/wp-json\/wp\/v2\/comments?post=32"}],"version-history":[{"count":8,"href":"https:\/\/flavoursofeurope.eu\/ro_ro\/wp-json\/wp\/v2\/pages\/32\/revisions"}],"predecessor-version":[{"id":274,"href":"https:\/\/flavoursofeurope.eu\/ro_ro\/wp-json\/wp\/v2\/pages\/32\/revisions\/274"}],"wp:attachment":[{"href":"https:\/\/flavoursofeurope.eu\/ro_ro\/wp-json\/wp\/v2\/media?parent=32"}],"curies":[{"name":"wp","href":"https:\/\/api.w.org\/{rel}","templated":true}]}}