{"id":242,"date":"2023-02-14T10:25:05","date_gmt":"2023-02-14T10:25:05","guid":{"rendered":"https:\/\/flavoursofeurope.eu\/?page_id=242"},"modified":"2023-03-06T12:04:58","modified_gmt":"2023-03-06T12:04:58","slug":"educational-e-learning-platform-cu-textul-din-newsletter","status":"publish","type":"page","link":"https:\/\/flavoursofeurope.eu\/ro_ro\/educational-e-learning-platform-cu-textul-din-newsletter\/","title":{"rendered":"CARTA ALB\u0102 privind Marketingul Digital \u00een Turismul Gastronomic"},"content":{"rendered":"<div data-vc-full-width=\"true\" data-vc-full-width-init=\"false\" data-vc-stretch-content=\"true\" class=\"vc_row wpb_row vc_row-fluid vc_custom_1678104289749 vc_row-no-padding\"><div class=\"wpb_column vc_column_container vc_col-sm-12\"><div class=\"vc_column-inner\"><div class=\"wpb_wrapper\">\n\t<div  class=\"wpb_single_image wpb_content_element vc_align_left\">\n\t\t\n\t\t<figure class=\"wpb_wrapper vc_figure\">\n\t\t\t<div class=\"vc_single_image-wrapper   vc_box_border_grey\"><img width=\"2048\" height=\"301\" src=\"https:\/\/flavoursofeurope.eu\/wp-content\/uploads\/2023\/03\/Arctic-Restaurant-Autumn-flavors-Rovaniemi-Lapland-Finland-1.jpg\" class=\"vc_single_image-img attachment-full\" alt=\"\" decoding=\"async\" loading=\"lazy\" title=\"Arctic-Restaurant-Autumn-flavors-Rovaniemi-Lapland-Finland\" srcset=\"https:\/\/flavoursofeurope.eu\/wp-content\/uploads\/2023\/03\/Arctic-Restaurant-Autumn-flavors-Rovaniemi-Lapland-Finland-1.jpg 2048w, https:\/\/flavoursofeurope.eu\/wp-content\/uploads\/2023\/03\/Arctic-Restaurant-Autumn-flavors-Rovaniemi-Lapland-Finland-1-300x44.jpg 300w, https:\/\/flavoursofeurope.eu\/wp-content\/uploads\/2023\/03\/Arctic-Restaurant-Autumn-flavors-Rovaniemi-Lapland-Finland-1-1024x151.jpg 1024w, https:\/\/flavoursofeurope.eu\/wp-content\/uploads\/2023\/03\/Arctic-Restaurant-Autumn-flavors-Rovaniemi-Lapland-Finland-1-768x113.jpg 768w, https:\/\/flavoursofeurope.eu\/wp-content\/uploads\/2023\/03\/Arctic-Restaurant-Autumn-flavors-Rovaniemi-Lapland-Finland-1-1536x226.jpg 1536w, https:\/\/flavoursofeurope.eu\/wp-content\/uploads\/2023\/03\/Arctic-Restaurant-Autumn-flavors-Rovaniemi-Lapland-Finland-1-260x38.jpg 260w, https:\/\/flavoursofeurope.eu\/wp-content\/uploads\/2023\/03\/Arctic-Restaurant-Autumn-flavors-Rovaniemi-Lapland-Finland-1-50x7.jpg 50w, https:\/\/flavoursofeurope.eu\/wp-content\/uploads\/2023\/03\/Arctic-Restaurant-Autumn-flavors-Rovaniemi-Lapland-Finland-1-150x22.jpg 150w\" sizes=\"(max-width: 2048px) 100vw, 2048px\" \/><\/div>\n\t\t<\/figure>\n\t<\/div>\n<\/div><\/div><\/div><\/div><div class=\"vc_row-full-width vc_clearfix\"><\/div><div class=\"vc_row wpb_row vc_row-fluid\"><div class=\"wpb_column vc_column_container vc_col-sm-2\"><div class=\"vc_column-inner\"><div class=\"wpb_wrapper\">\n\t<div class=\"wpb_text_column wpb_content_element\" >\n\t\t<div class=\"wpb_wrapper\">\n\t\t\t<h3><strong><img decoding=\"async\" loading=\"lazy\" class=\"size-thumbnail wp-image-181 alignleft\" src=\"https:\/\/flavoursofeurope.eu\/wp-content\/uploads\/2023\/02\/1-150x150.png\" alt=\"\" width=\"150\" height=\"150\" srcset=\"https:\/\/flavoursofeurope.eu\/wp-content\/uploads\/2023\/02\/1-150x150.png 150w, https:\/\/flavoursofeurope.eu\/wp-content\/uploads\/2023\/02\/1-145x146.png 145w, https:\/\/flavoursofeurope.eu\/wp-content\/uploads\/2023\/02\/1-50x50.png 50w, https:\/\/flavoursofeurope.eu\/wp-content\/uploads\/2023\/02\/1-74x75.png 74w, https:\/\/flavoursofeurope.eu\/wp-content\/uploads\/2023\/02\/1-85x85.png 85w, https:\/\/flavoursofeurope.eu\/wp-content\/uploads\/2023\/02\/1-80x80.png 80w, https:\/\/flavoursofeurope.eu\/wp-content\/uploads\/2023\/02\/1.png 234w\" sizes=\"(max-width: 150px) 100vw, 150px\" \/><\/strong><\/h3>\n<h3><\/h3>\n<h3><\/h3>\n<h3><\/h3>\n\n\t\t<\/div>\n\t<\/div>\n<\/div><\/div><\/div><div class=\"wpb_column vc_column_container vc_col-sm-10\"><div class=\"vc_column-inner\"><div class=\"wpb_wrapper\"><div class=\"vc_empty_space\"   style=\"height: 20px\"><span class=\"vc_empty_space_inner\"><\/span><\/div>\n\t<div class=\"wpb_text_column wpb_content_element  vc_custom_1676377591160\" >\n\t\t<div class=\"wpb_wrapper\">\n\t\t\t<h3><span style=\"color: #e56565;\"><strong>CARTA ALB\u0102 privind Marketingul Digital \u00een Turismul Gastronomic<\/strong><\/span><\/h3>\n\n\t\t<\/div>\n\t<\/div>\n<\/div><\/div><\/div><\/div><div class=\"vc_row wpb_row vc_row-fluid\"><div class=\"wpb_column vc_column_container vc_col-sm-2\"><div class=\"vc_column-inner\"><div class=\"wpb_wrapper\"><div class=\"vc_empty_space\"   style=\"height: 20px\"><span class=\"vc_empty_space_inner\"><\/span><\/div>\n\t<div class=\"wpb_text_column wpb_content_element\" >\n\t\t<div class=\"wpb_wrapper\">\n\t\t\t<p><img decoding=\"async\" loading=\"lazy\" class=\"size-full wp-image-248 alignleft\" src=\"https:\/\/flavoursofeurope.eu\/wp-content\/uploads\/2023\/02\/Screenshot-2023-02-14-133245.png\" alt=\"\" width=\"91\" height=\"90\" srcset=\"https:\/\/flavoursofeurope.eu\/wp-content\/uploads\/2023\/02\/Screenshot-2023-02-14-133245.png 91w, https:\/\/flavoursofeurope.eu\/wp-content\/uploads\/2023\/02\/Screenshot-2023-02-14-133245-50x50.png 50w, https:\/\/flavoursofeurope.eu\/wp-content\/uploads\/2023\/02\/Screenshot-2023-02-14-133245-76x75.png 76w, https:\/\/flavoursofeurope.eu\/wp-content\/uploads\/2023\/02\/Screenshot-2023-02-14-133245-85x85.png 85w, https:\/\/flavoursofeurope.eu\/wp-content\/uploads\/2023\/02\/Screenshot-2023-02-14-133245-80x80.png 80w\" sizes=\"(max-width: 91px) 100vw, 91px\" \/><\/p>\n\n\t\t<\/div>\n\t<\/div>\n<\/div><\/div><\/div><div class=\"wpb_column vc_column_container vc_col-sm-10\"><div class=\"vc_column-inner\"><div class=\"wpb_wrapper\">\n\t<div class=\"wpb_text_column wpb_content_element\" >\n\t\t<div class=\"wpb_wrapper\">\n\t\t\t<p>CARTA ALB\u0102 privind Marketingul Digital \u00een Turismul Gastronomic\nCarta alb\u0103 privind MARKETINGUL DIGITAL \u00ceN TURISMUL GASTRONOMIC este un studiu de cercetare realizat \u00een \u0219ase \u021b\u0103ri diferite (Bulgaria, Grecia, Italia, Portugalia, Rom\u00e2nia \u0219i Spania) asupra leg\u0103turii ce exist\u0103 \u00eentre gastronomia specific\u0103 \u0219i turism \u00een zonele rurale din aceste \u021b\u0103ri.<\/p>\n<p>Carta alb\u0103 privind MARKETINGUL DIGITAL \u00ceN TURISMUL GASTRONOMIC reprezint\u0103 o cercetare asupra tendin\u021belor viitoare ale capitalului uman din sate, centrate asupra persoanelor adulte, \u00een special femei, cu rol cheie asupra  performan\u021belor strategiilor de dezvoltare incluziv\u0103 a comunit\u0103\u021bilor rurale prin turism gastronomic, \u00een care institu\u021biile privare, antreprenorii, muncitorii, sectorul public, universit\u0103\u021bile \u0219i centrele de instruire voca\u021bional\u0103, printre altele, sunt esen\u021biale pentru dezvoltarea benefic\u0103 \u0219i sustenabil\u0103 a sectorului turistic.<\/p>\n\n\t\t<\/div>\n\t<\/div>\n<\/div><\/div><\/div><\/div><div class=\"vc_row wpb_row vc_row-fluid\"><div class=\"wpb_column vc_column_container vc_col-sm-2\"><div class=\"vc_column-inner\"><div class=\"wpb_wrapper\">\n\t<div class=\"wpb_text_column wpb_content_element\" >\n\t\t<div class=\"wpb_wrapper\">\n\t\t\t<h3><img decoding=\"async\" loading=\"lazy\" class=\"size-full wp-image-248 alignleft\" src=\"https:\/\/flavoursofeurope.eu\/wp-content\/uploads\/2023\/02\/Screenshot-2023-02-14-133245.png\" alt=\"\" width=\"91\" height=\"90\" srcset=\"https:\/\/flavoursofeurope.eu\/wp-content\/uploads\/2023\/02\/Screenshot-2023-02-14-133245.png 91w, https:\/\/flavoursofeurope.eu\/wp-content\/uploads\/2023\/02\/Screenshot-2023-02-14-133245-50x50.png 50w, https:\/\/flavoursofeurope.eu\/wp-content\/uploads\/2023\/02\/Screenshot-2023-02-14-133245-76x75.png 76w, https:\/\/flavoursofeurope.eu\/wp-content\/uploads\/2023\/02\/Screenshot-2023-02-14-133245-85x85.png 85w, https:\/\/flavoursofeurope.eu\/wp-content\/uploads\/2023\/02\/Screenshot-2023-02-14-133245-80x80.png 80w\" sizes=\"(max-width: 91px) 100vw, 91px\" \/><\/h3>\n<h3><\/h3>\n<h3><\/h3>\n\n\t\t<\/div>\n\t<\/div>\n<\/div><\/div><\/div><div class=\"wpb_column vc_column_container vc_col-sm-10\"><div class=\"vc_column-inner\"><div class=\"wpb_wrapper\">\n\t<div class=\"wpb_text_column wpb_content_element\" >\n\t\t<div class=\"wpb_wrapper\">\n\t\t\t<h3><strong><span style=\"color: #e56565;\">Obiective specifice:<\/span><\/strong><\/h3>\n<p><strong>Detalii:<\/strong><\/p>\n<ul>\n<li>s\u0103 investigheze prin analiza politicilor \u0219i a documentelor, precum \u0219i prin sondaje cantitative \u0219i calitative<\/li>\n<li>s\u0103 investigheze furnizarea de oportunit\u0103\u021bi \u00een public\/sector pentru cursuri de formare digital\u0103 \u0219i de angajare, servicii pentru adul\u021bi slab califica\u021bi, instrumente, consultan\u021b\u0103 etc<\/li>\n<li>s\u0103 identifice \u0219i s\u0103 desemneze 8 medii de \u00eenv\u0103\u021bare \u00een turism (1 mediu per partener) formate din p\u0103r\u021bi interesate din turism din zonele rurale defavorizate.<\/li>\n<\/ul>\n\n\t\t<\/div>\n\t<\/div>\n<\/div><\/div><\/div><\/div><div class=\"vc_row wpb_row vc_row-fluid\"><div class=\"wpb_column vc_column_container vc_col-sm-12\"><div class=\"vc_column-inner\"><div class=\"wpb_wrapper\"><div class=\"list_item lists_1 clearfix\"><a href=\"https:\/\/flavoursofeurope.eu\/wp-content\/uploads\/2023\/08\/FLAVOURS-OF-EUROPE-Abstract-RO.pdf\" ><div class=\"list_left list_icon\"><i class=\"icon-list\" aria-hidden=\"true\"><\/i><\/div><div class=\"list_right\"><h4 class=\"title\">FLAVOURS OF EUROPE - Abstract<\/h4><div class=\"desc\"><\/div><\/div><\/a><\/div>\n<div class=\"list_item lists_1 clearfix\"><a href=\"https:\/\/flavoursofeurope.eu\/wp-content\/uploads\/2023\/02\/FLAVOURS-OF-EUROPE-White-Paper-on-GASTRONOMY-CULTURAL-HERITAGE-AND-TOUR...G-1.docx\" ><div class=\"list_left list_icon\"><i class=\"icon-list\" aria-hidden=\"true\"><\/i><\/div><div class=\"list_right\"><h4 class=\"title\">FLAVOURS OF EUROPE - White Paper on GASTRONOMY CULTURAL HERITAGE AND TOURISM DIGITAL MARKETING<\/h4><div class=\"desc\"><\/div><\/div><\/a><\/div>\n<\/div><\/div><\/div><\/div><div class=\"vc_row wpb_row vc_row-fluid\"><div class=\"wpb_column vc_column_container vc_col-sm-3\"><div class=\"vc_column-inner\"><div class=\"wpb_wrapper\">\n\t<div  class=\"wpb_single_image wpb_content_element vc_align_left\">\n\t\t\n\t\t<figure class=\"wpb_wrapper vc_figure\">\n\t\t\t<div class=\"vc_single_image-wrapper   vc_box_border_grey\"><img width=\"300\" height=\"300\" src=\"https:\/\/flavoursofeurope.eu\/wp-content\/uploads\/2023\/01\/Logo_Flavours-01-300x300.png\" class=\"vc_single_image-img attachment-medium\" alt=\"\" decoding=\"async\" loading=\"lazy\" title=\"Logo_Flavours-01\" srcset=\"https:\/\/flavoursofeurope.eu\/wp-content\/uploads\/2023\/01\/Logo_Flavours-01-300x300.png 300w, https:\/\/flavoursofeurope.eu\/wp-content\/uploads\/2023\/01\/Logo_Flavours-01-1024x1024.png 1024w, https:\/\/flavoursofeurope.eu\/wp-content\/uploads\/2023\/01\/Logo_Flavours-01-150x150.png 150w, https:\/\/flavoursofeurope.eu\/wp-content\/uploads\/2023\/01\/Logo_Flavours-01-768x768.png 768w, https:\/\/flavoursofeurope.eu\/wp-content\/uploads\/2023\/01\/Logo_Flavours-01-1536x1536.png 1536w, https:\/\/flavoursofeurope.eu\/wp-content\/uploads\/2023\/01\/Logo_Flavours-01-2048x2048.png 2048w, https:\/\/flavoursofeurope.eu\/wp-content\/uploads\/2023\/01\/Logo_Flavours-01-146x146.png 146w, https:\/\/flavoursofeurope.eu\/wp-content\/uploads\/2023\/01\/Logo_Flavours-01-50x50.png 50w, https:\/\/flavoursofeurope.eu\/wp-content\/uploads\/2023\/01\/Logo_Flavours-01-75x75.png 75w, https:\/\/flavoursofeurope.eu\/wp-content\/uploads\/2023\/01\/Logo_Flavours-01-85x85.png 85w, https:\/\/flavoursofeurope.eu\/wp-content\/uploads\/2023\/01\/Logo_Flavours-01-80x80.png 80w\" sizes=\"(max-width: 300px) 100vw, 300px\" \/><\/div>\n\t\t<\/figure>\n\t<\/div>\n<\/div><\/div><\/div><div class=\"wpb_column vc_column_container vc_col-sm-6\"><div class=\"vc_column-inner\"><div class=\"wpb_wrapper\"><\/div><\/div><\/div><div class=\"wpb_column vc_column_container vc_col-sm-3\"><div class=\"vc_column-inner\"><div class=\"wpb_wrapper\">\n\t<div  class=\"wpb_single_image wpb_content_element vc_align_left\">\n\t\t\n\t\t<figure class=\"wpb_wrapper vc_figure\">\n\t\t\t<div class=\"vc_single_image-wrapper   vc_box_border_grey\"><img width=\"300\" height=\"300\" src=\"https:\/\/flavoursofeurope.eu\/wp-content\/uploads\/2023\/02\/Logo_Flavours-01-300x300.png\" class=\"vc_single_image-img attachment-medium\" alt=\"\" decoding=\"async\" loading=\"lazy\" title=\"Logo_Flavours-01\" srcset=\"https:\/\/flavoursofeurope.eu\/wp-content\/uploads\/2023\/02\/Logo_Flavours-01-300x300.png 300w, https:\/\/flavoursofeurope.eu\/wp-content\/uploads\/2023\/02\/Logo_Flavours-01-1024x1024.png 1024w, https:\/\/flavoursofeurope.eu\/wp-content\/uploads\/2023\/02\/Logo_Flavours-01-150x150.png 150w, https:\/\/flavoursofeurope.eu\/wp-content\/uploads\/2023\/02\/Logo_Flavours-01-768x768.png 768w, https:\/\/flavoursofeurope.eu\/wp-content\/uploads\/2023\/02\/Logo_Flavours-01-1536x1536.png 1536w, https:\/\/flavoursofeurope.eu\/wp-content\/uploads\/2023\/02\/Logo_Flavours-01-2048x2048.png 2048w, https:\/\/flavoursofeurope.eu\/wp-content\/uploads\/2023\/02\/Logo_Flavours-01-146x146.png 146w, https:\/\/flavoursofeurope.eu\/wp-content\/uploads\/2023\/02\/Logo_Flavours-01-50x50.png 50w, https:\/\/flavoursofeurope.eu\/wp-content\/uploads\/2023\/02\/Logo_Flavours-01-75x75.png 75w, https:\/\/flavoursofeurope.eu\/wp-content\/uploads\/2023\/02\/Logo_Flavours-01-85x85.png 85w, https:\/\/flavoursofeurope.eu\/wp-content\/uploads\/2023\/02\/Logo_Flavours-01-80x80.png 80w\" sizes=\"(max-width: 300px) 100vw, 300px\" \/><\/div>\n\t\t<\/figure>\n\t<\/div>\n<\/div><\/div><\/div><\/div><div data-vc-full-width=\"true\" data-vc-full-width-init=\"false\" class=\"vc_row wpb_row vc_row-fluid vc_custom_1676371208245 vc_row-has-fill\"><div class=\"wpb_column vc_column_container vc_col-sm-12\"><div class=\"vc_column-inner\"><div class=\"wpb_wrapper\">\n\t<div class=\"wpb_text_column wpb_content_element  vc_custom_1676371240656\" >\n\t\t<div class=\"wpb_wrapper\">\n\t\t\t<p class=\" translation-block\"><span style=\"color: #ffffff\"><strong><span class=\"markedContent\"><span dir=\"ltr\" role=\"presentation\">Sprijinul Comisiei Europene pentru realizarea acestei publica\u021bii nu constituie o aprobare a con\u021binutului care reflect\u0103 numai punctele de vedere ale autorilor, iar Comisia nu poate fi tras\u0103 la r\u0103spundere pentru orice utilizare a informa\u021biilor con\u021binute \u00een aceasta.<\/strong><\/span><\/p>\n\n\t\t<\/div>\n\t<\/div>\n<\/div><\/div><\/div><\/div><div class=\"vc_row-full-width vc_clearfix\"><\/div>","protected":false},"excerpt":{"rendered":"White Paper on Gastronomy Cultural Heritage and Tourism Digital Marketing The White Paper on GASTRONOMY CULTURAL HERITAGE AND TOURISM DIGITAL MARKETING is a research study in<span class=\"excerpt-hellip\"> [\u2026]<\/span>","protected":false},"author":1,"featured_media":0,"parent":0,"menu_order":0,"comment_status":"closed","ping_status":"closed","template":"","meta":[],"_links":{"self":[{"href":"https:\/\/flavoursofeurope.eu\/ro_ro\/wp-json\/wp\/v2\/pages\/242"}],"collection":[{"href":"https:\/\/flavoursofeurope.eu\/ro_ro\/wp-json\/wp\/v2\/pages"}],"about":[{"href":"https:\/\/flavoursofeurope.eu\/ro_ro\/wp-json\/wp\/v2\/types\/page"}],"author":[{"embeddable":true,"href":"https:\/\/flavoursofeurope.eu\/ro_ro\/wp-json\/wp\/v2\/users\/1"}],"replies":[{"embeddable":true,"href":"https:\/\/flavoursofeurope.eu\/ro_ro\/wp-json\/wp\/v2\/comments?post=242"}],"version-history":[{"count":12,"href":"https:\/\/flavoursofeurope.eu\/ro_ro\/wp-json\/wp\/v2\/pages\/242\/revisions"}],"predecessor-version":[{"id":316,"href":"https:\/\/flavoursofeurope.eu\/ro_ro\/wp-json\/wp\/v2\/pages\/242\/revisions\/316"}],"wp:attachment":[{"href":"https:\/\/flavoursofeurope.eu\/ro_ro\/wp-json\/wp\/v2\/media?parent=242"}],"curies":[{"name":"wp","href":"https:\/\/api.w.org\/{rel}","templated":true}]}}