{"id":240,"date":"2023-02-14T10:24:40","date_gmt":"2023-02-14T10:24:40","guid":{"rendered":"https:\/\/flavoursofeurope.eu\/?page_id=240"},"modified":"2023-10-26T09:32:11","modified_gmt":"2023-10-26T09:32:11","slug":"training-course-on-digitalisation-of-rural-gastronomic-cultural-heritage-in-europe","status":"publish","type":"page","link":"https:\/\/flavoursofeurope.eu\/ro_ro\/training-course-on-digitalisation-of-rural-gastronomic-cultural-heritage-in-europe\/","title":{"rendered":"CURS de Instruire cu privire la Digitalizarea patrimoniului gastronomic rural \u00een Europa"},"content":{"rendered":"<div data-vc-full-width=\"true\" data-vc-full-width-init=\"false\" data-vc-stretch-content=\"true\" class=\"vc_row wpb_row vc_row-fluid vc_custom_1678104583644 vc_row-no-padding\"><div class=\"wpb_column vc_column_container vc_col-sm-12\"><div class=\"vc_column-inner\"><div class=\"wpb_wrapper\">\n\t<div  class=\"wpb_single_image wpb_content_element vc_align_left  vc_custom_1678104449584\">\n\t\t\n\t\t<figure class=\"wpb_wrapper vc_figure\">\n\t\t\t<div class=\"vc_single_image-wrapper   vc_box_border_grey\"><img width=\"2048\" height=\"301\" src=\"https:\/\/flavoursofeurope.eu\/wp-content\/uploads\/2023\/03\/Arctic-Restaurant-Autumn-flavors-Rovaniemi-Lapland-Finland-1.jpg\" class=\"vc_single_image-img attachment-full\" alt=\"\" decoding=\"async\" loading=\"lazy\" title=\"Arctic-Restaurant-Autumn-flavors-Rovaniemi-Lapland-Finland\" srcset=\"https:\/\/flavoursofeurope.eu\/wp-content\/uploads\/2023\/03\/Arctic-Restaurant-Autumn-flavors-Rovaniemi-Lapland-Finland-1.jpg 2048w, https:\/\/flavoursofeurope.eu\/wp-content\/uploads\/2023\/03\/Arctic-Restaurant-Autumn-flavors-Rovaniemi-Lapland-Finland-1-300x44.jpg 300w, https:\/\/flavoursofeurope.eu\/wp-content\/uploads\/2023\/03\/Arctic-Restaurant-Autumn-flavors-Rovaniemi-Lapland-Finland-1-1024x151.jpg 1024w, https:\/\/flavoursofeurope.eu\/wp-content\/uploads\/2023\/03\/Arctic-Restaurant-Autumn-flavors-Rovaniemi-Lapland-Finland-1-768x113.jpg 768w, https:\/\/flavoursofeurope.eu\/wp-content\/uploads\/2023\/03\/Arctic-Restaurant-Autumn-flavors-Rovaniemi-Lapland-Finland-1-1536x226.jpg 1536w, https:\/\/flavoursofeurope.eu\/wp-content\/uploads\/2023\/03\/Arctic-Restaurant-Autumn-flavors-Rovaniemi-Lapland-Finland-1-260x38.jpg 260w, https:\/\/flavoursofeurope.eu\/wp-content\/uploads\/2023\/03\/Arctic-Restaurant-Autumn-flavors-Rovaniemi-Lapland-Finland-1-50x7.jpg 50w, https:\/\/flavoursofeurope.eu\/wp-content\/uploads\/2023\/03\/Arctic-Restaurant-Autumn-flavors-Rovaniemi-Lapland-Finland-1-150x22.jpg 150w\" sizes=\"(max-width: 2048px) 100vw, 2048px\" \/><\/div>\n\t\t<\/figure>\n\t<\/div>\n<\/div><\/div><\/div><\/div><div class=\"vc_row-full-width vc_clearfix\"><\/div><div class=\"vc_row wpb_row vc_row-fluid\"><div class=\"wpb_column vc_column_container vc_col-sm-2\"><div class=\"vc_column-inner\"><div class=\"wpb_wrapper\">\n\t<div class=\"wpb_text_column wpb_content_element\" >\n\t\t<div class=\"wpb_wrapper\">\n\t\t\t<h3><img decoding=\"async\" loading=\"lazy\" class=\"alignnone size-thumbnail wp-image-182\" src=\"https:\/\/flavoursofeurope.eu\/wp-content\/uploads\/2023\/02\/2-150x150.png\" alt=\"\" width=\"150\" height=\"150\" srcset=\"https:\/\/flavoursofeurope.eu\/wp-content\/uploads\/2023\/02\/2-150x150.png 150w, https:\/\/flavoursofeurope.eu\/wp-content\/uploads\/2023\/02\/2-300x300.png 300w, https:\/\/flavoursofeurope.eu\/wp-content\/uploads\/2023\/02\/2-146x146.png 146w, https:\/\/flavoursofeurope.eu\/wp-content\/uploads\/2023\/02\/2-50x50.png 50w, https:\/\/flavoursofeurope.eu\/wp-content\/uploads\/2023\/02\/2-75x75.png 75w, https:\/\/flavoursofeurope.eu\/wp-content\/uploads\/2023\/02\/2-85x85.png 85w, https:\/\/flavoursofeurope.eu\/wp-content\/uploads\/2023\/02\/2-80x80.png 80w, https:\/\/flavoursofeurope.eu\/wp-content\/uploads\/2023\/02\/2.png 335w\" sizes=\"(max-width: 150px) 100vw, 150px\" \/><\/h3>\n<h3><\/h3>\n<h3><\/h3>\n\n\t\t<\/div>\n\t<\/div>\n<\/div><\/div><\/div><div class=\"wpb_column vc_column_container vc_col-sm-10\"><div class=\"vc_column-inner\"><div class=\"wpb_wrapper\"><div class=\"vc_empty_space\"   style=\"height: 20px\"><span class=\"vc_empty_space_inner\"><\/span><\/div>\n\t<div class=\"wpb_text_column wpb_content_element  vc_custom_1676371452111\" >\n\t\t<div class=\"wpb_wrapper\">\n\t\t\t<h3><span style=\"color: #e56565;\"><strong>CURS de Instruire cu privire la Digitalizarea patrimoniului gastronomic rural \u00een Europa<\/strong><\/span><\/h3>\n\n\t\t<\/div>\n\t<\/div>\n<\/div><\/div><\/div><\/div><div data-vc-full-width=\"true\" data-vc-full-width-init=\"false\" class=\"vc_row wpb_row vc_row-fluid vc_custom_1676371536923 vc_row-has-fill\"><div class=\"wpb_column vc_column_container vc_col-sm-12\"><div class=\"vc_column-inner\"><div class=\"wpb_wrapper\">\n\t<div class=\"wpb_text_column wpb_content_element\" >\n\t\t<div class=\"wpb_wrapper\">\n\t\t\t<p><span style=\"color: #ffffff;\">CURS de Instruire cu privire la Digitalizarea patrimoniului gastronomic rural \u00een Europa <\/span><\/p>\n<p class=\" translation-block\"><span style=\"color: #ffffff\">Cursul de instruire va con\u021bine un set de resurse educa\u021bionale elaborate \u00een conformitate cu nevoile identificate \u00een carta alb\u0103. 4 manuale \n igitale practice destinate persoanelor adulte, \u00een special femeilor cu abilit\u0103\u021bi reduse, aflate \u00een situa\u021bii economice precare, ce locuiesc \u00een sate izolate, \u0219omere, ce lucreaz\u0103 \u00een companii sau care \u00ee\u0219i doresc s\u0103 dezvolte un nou start-up ca punct gastronomic local \u00een turismul rural \u0219i se vor acoperi urm\u0103toarele subiecte:\n<\/span><\/p>\n\n\t\t<\/div>\n\t<\/div>\n<\/div><\/div><\/div><\/div><div class=\"vc_row-full-width vc_clearfix\"><\/div><div class=\"vc_row wpb_row vc_row-fluid\"><div class=\"wpb_column vc_column_container vc_col-sm-12\"><div class=\"vc_column-inner\"><div class=\"wpb_wrapper\">\n\t<div class=\"wpb_text_column wpb_content_element\" >\n\t\t<div class=\"wpb_wrapper\">\n\t\t\t<h3><a href=\"https:\/\/flavoursofeurope.eu\/wp-content\/uploads\/2023\/10\/1.-Handbook-1-RO.pdf\">Manualul 1: Antreprenor \u00een satul meu<\/a><\/h3>\n<blockquote>\n<ul>\n<li>Cum s\u0103 \u00eencepi o nou\u0103 afacere prin stabilirea unui punct gastronomic local \u00een unitatea de tip familial<\/li>\n<li>Cadrul juridic \u0219i etape necesare<\/li>\n<li>Cum s\u0103 oferi\u021bi satisfac\u021bie alimentar\u0103 local\u0103<\/li>\n<li>Cum s\u0103 se asigure \u0219i s\u0103 se m\u0103soare calitatea, valoarea<\/li>\n<li>Cum pot fi satisf\u0103cute a\u0219tept\u0103rile turistului<\/li>\n<li>Condi\u021bii de igien\u0103 necesare<\/li>\n<li>Costuri \u0219i riscuri<\/li>\n<li>Studii de caz \u0219i exemple de bune practici.<\/li>\n<\/ul>\n<\/blockquote>\n\n\t\t<\/div>\n\t<\/div>\n\n\t<div class=\"wpb_text_column wpb_content_element\" >\n\t\t<div class=\"wpb_wrapper\">\n\t\t\t<h3><a href=\"https:\/\/flavoursofeurope.eu\/wp-content\/uploads\/2023\/10\/2.-Handbook-2-RO.pdf\">Manualul 2: Marca \u0219i imaginea locului \u00een care m\u0103n\u00e2nc<\/a><\/h3>\n<blockquote>\n<ul>\n<li>Cum se creeaz\u0103 punctul gastronomic local ca imagine de destina\u021bie turistic\u0103<\/li>\n<li>Cum se utilizeaz\u0103 diferite canale de social media pentru marketing digital, campanii \u0219i re\u021bele, construirea de comunit\u0103\u021bii, canale de distribu\u021bie<\/li>\n<li>Comunicare \u0219i povestire<\/li>\n<li>Cum se asigur\u0103 sustenabilitatea \u0219i sprijinirea comunit\u0103\u021bii locale<\/li>\n<li>Destina\u021bia turistic\u0103 \u0219i pia\u021b\u0103 gastronomic\u0103<\/li>\n<li>Satisfac\u021bia alimentar\u0103 \u00een raport cu experien\u021ba de ansamblu a turi\u0219tilor<\/li>\n<li>Cum s\u0103 lucrezi cu agen\u021biile de turism \u0219i al\u0103turarea  la rutele de turism gastronomic<\/li>\n<li>Studii de caz \u0219i exemple de bune practici.<\/li>\n<\/ul>\n<\/blockquote>\n\n\t\t<\/div>\n\t<\/div>\n\n\t<div class=\"wpb_text_column wpb_content_element\" >\n\t\t<div class=\"wpb_wrapper\">\n\t\t\t<h3><a href=\"https:\/\/flavoursofeurope.eu\/wp-content\/uploads\/2023\/10\/3.-Handbook-3-RO.pdf\">Manual 3: 10 pa\u0219i pentru Digitalizarea Patrimoniului Cultural Gastronomic<\/a><\/h3>\n<blockquote>\n<ul>\n<li>Cum se digitalizeaz\u0103 \u0219i promoveaz\u0103 identitatea patrimoniului cultural gastronomic rural incluz\u00e2nd: re\u021bete, preparate, ingrediente, materii prime locale \u0219i produc\u0103tori locali, facilit\u0103\u021bi vechi de buc\u0103t\u0103rie (cuptoare de copt, unelte, \u0219eminee), legende, c\u00e2ntece \u0219i \u00eembr\u0103c\u0103minte legate de m\u00e2ncare, tradi\u021bii<\/li>\n<li>Identificarea \u0219i digitalizarea Etnodiversit\u0103\u021bii \u0219i Biodiversit\u0103\u021bii \u00een zonele rurale<\/li>\n<li>Cum se creeaz\u0103 o baz\u0103 de date cu re\u021bete na\u021bionale \u0219i europeane<\/li>\n<li>Studii de caz \u0219i exemple de bune practici.<\/li>\n<\/ul>\n<\/blockquote>\n\n\t\t<\/div>\n\t<\/div>\n\n\t<div class=\"wpb_text_column wpb_content_element\" >\n\t\t<div class=\"wpb_wrapper\">\n\t\t\t<h3><a href=\"https:\/\/flavoursofeurope.eu\/wp-content\/uploads\/2023\/10\/4.-Handbook-4-RO.pdf\">Manualul 4: Din satul meu pot fi peste tot \u00een lume<\/a><\/h3>\n<blockquote>\n<ul>\n<li>Ac\u021biuni pentru a ajuta afacerile din turism s\u0103 devin\u0103 digitale<\/li>\n<li>Cum s\u0103 planifica\u021bi \u0219i s\u0103 implementa\u021bi o strategie de marketing digital<\/li>\n<li>Crearea \u0219i gestionarea reputa\u021biei online \u0219i utilizarea re\u021belelor sociale<\/li>\n<li>Marketing-ul afacerii tale<\/li>\n<li>Cum se poate promova un IMM din domeniul turismului alimentar ca destina\u021bie gastronomic\u0103 \u00een lumea digital\u0103<\/li>\n<li>Studii de caz \u0219i exemple de bune practici.<\/li>\n<\/ul>\n<\/blockquote>\n\n\t\t<\/div>\n\t<\/div>\n\n\t<div class=\"wpb_text_column wpb_content_element\" >\n\t\t<div class=\"wpb_wrapper\">\n\t\t\t<h3><strong>1 set de instrumente de formare pentru centrele de \u00eenv\u0103\u021bare \u00een domeniul turismului <\/strong><\/h3>\n<p>Kit-ul instruire va fi axat pe dezvoltarea inlcuzive a comunit\u0103\u021bii prin promovarea turismului \u0219i evaluarea resurselor umane din cadrul comunit\u0103\u021bilor. Scopul este de a oferi metode mai eficiente pentru a gestiona mai bine resursele alimentare locale \u0219i pentru a conduce\/contribui la dezvoltarea politicilor de dezvoltare turistic\u0103 ale comunit\u0103\u021bii. Acest lucru poate duce la dezvoltare \u0219i, \u00een consecin\u021b\u0103, la o mai bun\u0103 gestionare a resurselor \u0219i a afacerii \u0219i a livr\u0103rii de produse\/servicii de calitate.<\/p>\n<p>Impactul a\u0219teptat asupra grupului \u021bint\u0103 principal de adul\u021bi din regiunile rurale care activeaz\u0103 \u00een turism, este crearea de materiale noi care s\u0103 le permit\u0103 dezvoltarea de abilit\u0103\u021bi antreprenoriale mai bune pentru gestionarea patrimoniului cultural gastronomic rural. Cele 4 module ale kit-ului de instruire vor oferi materiale educa\u021bionale, alc\u0103tuite din no\u021biuni teoretice, exemple practice, exerci\u021bii, instrumente de evaluare pentru \u00eembun\u0103t\u0103\u021birea competen\u021belor p\u0103r\u021bilor interesate din cele 8 centre de \u00eenv\u0103\u021bare in domeniul turismului.<\/p>\n\n\t\t<\/div>\n\t<\/div>\n\n\t<div class=\"wpb_text_column wpb_content_element\" >\n\t\t<div class=\"wpb_wrapper\">\n\t\t\t<ul>\n<li>\n<h4><a href=\"https:\/\/flavoursofeurope.eu\/wp-content\/uploads\/2023\/10\/1.-Toolkit-1-RO.pdf\">Flavours_Training Toolkit_Module 1<\/a><\/h4>\n<\/li>\n<li>\n<h4><a href=\"https:\/\/flavoursofeurope.eu\/wp-content\/uploads\/2023\/10\/2.-Toolkit-2-RO.pdf\">Flavours_Training Toolkit_Module 2<\/a><\/h4>\n<\/li>\n<li>\n<h4><a href=\"https:\/\/flavoursofeurope.eu\/wp-content\/uploads\/2023\/10\/3.-Toolkit-3RO.pdf\">Flavours_Training Toolkit_Module 3<\/a><\/h4>\n<\/li>\n<li>\n<h4><a href=\"https:\/\/flavoursofeurope.eu\/wp-content\/uploads\/2023\/10\/4.-Toolkit-4-RO.pdf\">Flavours_Training Toolkit_Module 4<\/a><\/h4>\n<\/li>\n<\/ul>\n\n\t\t<\/div>\n\t<\/div>\n<\/div><\/div><\/div><\/div><div class=\"vc_row wpb_row vc_row-fluid\"><div class=\"wpb_column vc_column_container vc_col-sm-3\"><div class=\"vc_column-inner\"><div class=\"wpb_wrapper\">\n\t<div  class=\"wpb_single_image wpb_content_element vc_align_left\">\n\t\t\n\t\t<figure class=\"wpb_wrapper vc_figure\">\n\t\t\t<div class=\"vc_single_image-wrapper   vc_box_border_grey\"><img width=\"300\" height=\"300\" src=\"https:\/\/flavoursofeurope.eu\/wp-content\/uploads\/2023\/01\/Logo_Flavours-01-300x300.png\" class=\"vc_single_image-img attachment-medium\" alt=\"\" decoding=\"async\" loading=\"lazy\" title=\"Logo_Flavours-01\" srcset=\"https:\/\/flavoursofeurope.eu\/wp-content\/uploads\/2023\/01\/Logo_Flavours-01-300x300.png 300w, https:\/\/flavoursofeurope.eu\/wp-content\/uploads\/2023\/01\/Logo_Flavours-01-1024x1024.png 1024w, https:\/\/flavoursofeurope.eu\/wp-content\/uploads\/2023\/01\/Logo_Flavours-01-150x150.png 150w, https:\/\/flavoursofeurope.eu\/wp-content\/uploads\/2023\/01\/Logo_Flavours-01-768x768.png 768w, https:\/\/flavoursofeurope.eu\/wp-content\/uploads\/2023\/01\/Logo_Flavours-01-1536x1536.png 1536w, https:\/\/flavoursofeurope.eu\/wp-content\/uploads\/2023\/01\/Logo_Flavours-01-2048x2048.png 2048w, https:\/\/flavoursofeurope.eu\/wp-content\/uploads\/2023\/01\/Logo_Flavours-01-146x146.png 146w, https:\/\/flavoursofeurope.eu\/wp-content\/uploads\/2023\/01\/Logo_Flavours-01-50x50.png 50w, https:\/\/flavoursofeurope.eu\/wp-content\/uploads\/2023\/01\/Logo_Flavours-01-75x75.png 75w, https:\/\/flavoursofeurope.eu\/wp-content\/uploads\/2023\/01\/Logo_Flavours-01-85x85.png 85w, https:\/\/flavoursofeurope.eu\/wp-content\/uploads\/2023\/01\/Logo_Flavours-01-80x80.png 80w\" sizes=\"(max-width: 300px) 100vw, 300px\" \/><\/div>\n\t\t<\/figure>\n\t<\/div>\n<\/div><\/div><\/div><div class=\"wpb_column vc_column_container vc_col-sm-6\"><div class=\"vc_column-inner\"><div class=\"wpb_wrapper\"><\/div><\/div><\/div><div class=\"wpb_column vc_column_container vc_col-sm-3\"><div class=\"vc_column-inner\"><div class=\"wpb_wrapper\">\n\t<div  class=\"wpb_single_image wpb_content_element vc_align_left\">\n\t\t\n\t\t<figure class=\"wpb_wrapper vc_figure\">\n\t\t\t<div class=\"vc_single_image-wrapper   vc_box_border_grey\"><img width=\"300\" height=\"300\" src=\"https:\/\/flavoursofeurope.eu\/wp-content\/uploads\/2023\/02\/Logo_Flavours-01-300x300.png\" class=\"vc_single_image-img attachment-medium\" alt=\"\" decoding=\"async\" loading=\"lazy\" title=\"Logo_Flavours-01\" srcset=\"https:\/\/flavoursofeurope.eu\/wp-content\/uploads\/2023\/02\/Logo_Flavours-01-300x300.png 300w, https:\/\/flavoursofeurope.eu\/wp-content\/uploads\/2023\/02\/Logo_Flavours-01-1024x1024.png 1024w, https:\/\/flavoursofeurope.eu\/wp-content\/uploads\/2023\/02\/Logo_Flavours-01-150x150.png 150w, https:\/\/flavoursofeurope.eu\/wp-content\/uploads\/2023\/02\/Logo_Flavours-01-768x768.png 768w, https:\/\/flavoursofeurope.eu\/wp-content\/uploads\/2023\/02\/Logo_Flavours-01-1536x1536.png 1536w, https:\/\/flavoursofeurope.eu\/wp-content\/uploads\/2023\/02\/Logo_Flavours-01-2048x2048.png 2048w, https:\/\/flavoursofeurope.eu\/wp-content\/uploads\/2023\/02\/Logo_Flavours-01-146x146.png 146w, https:\/\/flavoursofeurope.eu\/wp-content\/uploads\/2023\/02\/Logo_Flavours-01-50x50.png 50w, https:\/\/flavoursofeurope.eu\/wp-content\/uploads\/2023\/02\/Logo_Flavours-01-75x75.png 75w, https:\/\/flavoursofeurope.eu\/wp-content\/uploads\/2023\/02\/Logo_Flavours-01-85x85.png 85w, https:\/\/flavoursofeurope.eu\/wp-content\/uploads\/2023\/02\/Logo_Flavours-01-80x80.png 80w\" sizes=\"(max-width: 300px) 100vw, 300px\" \/><\/div>\n\t\t<\/figure>\n\t<\/div>\n<\/div><\/div><\/div><\/div><div data-vc-full-width=\"true\" data-vc-full-width-init=\"false\" class=\"vc_row wpb_row vc_row-fluid vc_custom_1676371208245 vc_row-has-fill\"><div class=\"wpb_column vc_column_container vc_col-sm-12\"><div class=\"vc_column-inner\"><div class=\"wpb_wrapper\">\n\t<div class=\"wpb_text_column wpb_content_element  vc_custom_1676371240656\" >\n\t\t<div class=\"wpb_wrapper\">\n\t\t\t<p class=\" translation-block\"><span style=\"color: #ffffff\"><strong><span class=\"markedContent\"><span dir=\"ltr\" role=\"presentation\">Sprijinul Comisiei Europene pentru realizarea acestei publica\u021bii nu constituie o aprobare a con\u021binutului care reflect\u0103 numai punctele de vedere ale autorilor, iar Comisia nu poate fi tras\u0103 la r\u0103spundere pentru orice utilizare a informa\u021biilor con\u021binute \u00een aceasta.<\/strong><\/span><\/p>\n\n\t\t<\/div>\n\t<\/div>\n<\/div><\/div><\/div><\/div><div class=\"vc_row-full-width vc_clearfix\"><\/div>","protected":false},"excerpt":{"rendered":"Training COURSE on Digitalisation of Rural Gastronomic Cultural Heritage in Europe The training course will contain a set of educational resources tailored to the training needs<span class=\"excerpt-hellip\"> [\u2026]<\/span>","protected":false},"author":1,"featured_media":0,"parent":0,"menu_order":0,"comment_status":"closed","ping_status":"closed","template":"","meta":[],"_links":{"self":[{"href":"https:\/\/flavoursofeurope.eu\/ro_ro\/wp-json\/wp\/v2\/pages\/240"}],"collection":[{"href":"https:\/\/flavoursofeurope.eu\/ro_ro\/wp-json\/wp\/v2\/pages"}],"about":[{"href":"https:\/\/flavoursofeurope.eu\/ro_ro\/wp-json\/wp\/v2\/types\/page"}],"author":[{"embeddable":true,"href":"https:\/\/flavoursofeurope.eu\/ro_ro\/wp-json\/wp\/v2\/users\/1"}],"replies":[{"embeddable":true,"href":"https:\/\/flavoursofeurope.eu\/ro_ro\/wp-json\/wp\/v2\/comments?post=240"}],"version-history":[{"count":11,"href":"https:\/\/flavoursofeurope.eu\/ro_ro\/wp-json\/wp\/v2\/pages\/240\/revisions"}],"predecessor-version":[{"id":467,"href":"https:\/\/flavoursofeurope.eu\/ro_ro\/wp-json\/wp\/v2\/pages\/240\/revisions\/467"}],"wp:attachment":[{"href":"https:\/\/flavoursofeurope.eu\/ro_ro\/wp-json\/wp\/v2\/media?parent=240"}],"curies":[{"name":"wp","href":"https:\/\/api.w.org\/{rel}","templated":true}]}}