{"id":29,"date":"2020-04-15T09:36:30","date_gmt":"2020-04-15T09:36:30","guid":{"rendered":"https:\/\/themes.muffingroup.com\/be\/charity3\/?page_id=29"},"modified":"2023-12-05T08:17:04","modified_gmt":"2023-12-05T08:17:04","slug":"project-team","status":"publish","type":"page","link":"https:\/\/flavoursofeurope.eu\/pt_pt\/project-team\/","title":{"rendered":"Equipa do projecto"},"content":{"rendered":"<div data-vc-full-width=\"true\" data-vc-full-width-init=\"false\" data-vc-stretch-content=\"true\" class=\"vc_row wpb_row vc_row-fluid vc_row-no-padding\"><div class=\"wpb_column vc_column_container vc_col-sm-12\"><div class=\"vc_column-inner\"><div class=\"wpb_wrapper\">\n\t<div  class=\"wpb_single_image wpb_content_element vc_align_left\">\n\t\t\n\t\t<figure class=\"wpb_wrapper vc_figure\">\n\t\t\t<div class=\"vc_single_image-wrapper   vc_box_border_grey\"><img width=\"2048\" height=\"301\" src=\"https:\/\/flavoursofeurope.eu\/wp-content\/uploads\/2023\/03\/Arctic-Restaurant-Autumn-flavors-Rovaniemi-Lapland-Finland-2.jpg\" class=\"vc_single_image-img attachment-full\" alt=\"\" decoding=\"async\" loading=\"lazy\" title=\"Arctic-Restaurant-Autumn-flavors-Rovaniemi-Lapland-Finland\" srcset=\"https:\/\/flavoursofeurope.eu\/wp-content\/uploads\/2023\/03\/Arctic-Restaurant-Autumn-flavors-Rovaniemi-Lapland-Finland-2.jpg 2048w, https:\/\/flavoursofeurope.eu\/wp-content\/uploads\/2023\/03\/Arctic-Restaurant-Autumn-flavors-Rovaniemi-Lapland-Finland-2-300x44.jpg 300w, https:\/\/flavoursofeurope.eu\/wp-content\/uploads\/2023\/03\/Arctic-Restaurant-Autumn-flavors-Rovaniemi-Lapland-Finland-2-1024x151.jpg 1024w, https:\/\/flavoursofeurope.eu\/wp-content\/uploads\/2023\/03\/Arctic-Restaurant-Autumn-flavors-Rovaniemi-Lapland-Finland-2-768x113.jpg 768w, https:\/\/flavoursofeurope.eu\/wp-content\/uploads\/2023\/03\/Arctic-Restaurant-Autumn-flavors-Rovaniemi-Lapland-Finland-2-1536x226.jpg 1536w, https:\/\/flavoursofeurope.eu\/wp-content\/uploads\/2023\/03\/Arctic-Restaurant-Autumn-flavors-Rovaniemi-Lapland-Finland-2-260x38.jpg 260w, https:\/\/flavoursofeurope.eu\/wp-content\/uploads\/2023\/03\/Arctic-Restaurant-Autumn-flavors-Rovaniemi-Lapland-Finland-2-50x7.jpg 50w, https:\/\/flavoursofeurope.eu\/wp-content\/uploads\/2023\/03\/Arctic-Restaurant-Autumn-flavors-Rovaniemi-Lapland-Finland-2-150x22.jpg 150w\" sizes=\"(max-width: 2048px) 100vw, 2048px\" \/><\/div>\n\t\t<\/figure>\n\t<\/div>\n<\/div><\/div><\/div><\/div><div class=\"vc_row-full-width vc_clearfix\"><\/div><div class=\"vc_row wpb_row vc_row-fluid\"><div class=\"wpb_column vc_column_container vc_col-sm-12\"><div class=\"vc_column-inner\"><div class=\"wpb_wrapper\">\n\t<div class=\"wpb_text_column wpb_content_element\" >\n\t\t<div class=\"wpb_wrapper\">\n\t\t\t\n\t\t<\/div>\n\t<\/div>\n<\/div><\/div><\/div><\/div><div class=\"vc_row wpb_row vc_row-fluid\"><div class=\"wpb_column vc_column_container vc_col-sm-2\"><div class=\"vc_column-inner\"><div class=\"wpb_wrapper\">\n\t<div  class=\"wpb_single_image wpb_content_element vc_align_left\">\n\t\t\n\t\t<figure class=\"wpb_wrapper vc_figure\">\n\t\t\t<div class=\"vc_single_image-wrapper   vc_box_border_grey\"><img width=\"383\" height=\"1654\" src=\"https:\/\/flavoursofeurope.eu\/wp-content\/uploads\/2023\/02\/Brosura-FLAVOURS-of-Europe-3.jpg\" class=\"vc_single_image-img attachment-full\" alt=\"\" decoding=\"async\" loading=\"lazy\" title=\"Brosura FLAVOURS of Europe -3\" srcset=\"https:\/\/flavoursofeurope.eu\/wp-content\/uploads\/2023\/02\/Brosura-FLAVOURS-of-Europe-3.jpg 383w, https:\/\/flavoursofeurope.eu\/wp-content\/uploads\/2023\/02\/Brosura-FLAVOURS-of-Europe-3-237x1024.jpg 237w, https:\/\/flavoursofeurope.eu\/wp-content\/uploads\/2023\/02\/Brosura-FLAVOURS-of-Europe-3-356x1536.jpg 356w, https:\/\/flavoursofeurope.eu\/wp-content\/uploads\/2023\/02\/Brosura-FLAVOURS-of-Europe-3-34x146.jpg 34w\" sizes=\"(max-width: 383px) 100vw, 383px\" \/><\/div>\n\t\t<\/figure>\n\t<\/div>\n\n\t<div  class=\"wpb_single_image wpb_content_element vc_align_left\">\n\t\t\n\t\t<figure class=\"wpb_wrapper vc_figure\">\n\t\t\t<div class=\"vc_single_image-wrapper   vc_box_border_grey\"><img width=\"200\" height=\"744\" src=\"https:\/\/flavoursofeurope.eu\/wp-content\/uploads\/2023\/02\/Screenshot-2023-02-10-163619.png\" class=\"vc_single_image-img attachment-full\" alt=\"\" decoding=\"async\" loading=\"lazy\" title=\"Screenshot 2023-02-10 163619\" srcset=\"https:\/\/flavoursofeurope.eu\/wp-content\/uploads\/2023\/02\/Screenshot-2023-02-10-163619.png 200w, https:\/\/flavoursofeurope.eu\/wp-content\/uploads\/2023\/02\/Screenshot-2023-02-10-163619-81x300.png 81w, https:\/\/flavoursofeurope.eu\/wp-content\/uploads\/2023\/02\/Screenshot-2023-02-10-163619-39x146.png 39w, https:\/\/flavoursofeurope.eu\/wp-content\/uploads\/2023\/02\/Screenshot-2023-02-10-163619-20x75.png 20w\" sizes=\"(max-width: 200px) 100vw, 200px\" \/><\/div>\n\t\t<\/figure>\n\t<\/div>\n\n\t<div  class=\"wpb_single_image wpb_content_element vc_align_left\">\n\t\t\n\t\t<figure class=\"wpb_wrapper vc_figure\">\n\t\t\t<div class=\"vc_single_image-wrapper   vc_box_border_grey\"><img width=\"175\" height=\"347\" src=\"https:\/\/flavoursofeurope.eu\/wp-content\/uploads\/2023\/02\/Screenshot-2023-02-10-163849.png\" class=\"vc_single_image-img attachment-full\" alt=\"\" decoding=\"async\" loading=\"lazy\" title=\"Screenshot 2023-02-10 163849\" srcset=\"https:\/\/flavoursofeurope.eu\/wp-content\/uploads\/2023\/02\/Screenshot-2023-02-10-163849.png 175w, https:\/\/flavoursofeurope.eu\/wp-content\/uploads\/2023\/02\/Screenshot-2023-02-10-163849-151x300.png 151w, https:\/\/flavoursofeurope.eu\/wp-content\/uploads\/2023\/02\/Screenshot-2023-02-10-163849-74x146.png 74w, https:\/\/flavoursofeurope.eu\/wp-content\/uploads\/2023\/02\/Screenshot-2023-02-10-163849-25x50.png 25w, https:\/\/flavoursofeurope.eu\/wp-content\/uploads\/2023\/02\/Screenshot-2023-02-10-163849-38x75.png 38w\" sizes=\"(max-width: 175px) 100vw, 175px\" \/><\/div>\n\t\t<\/figure>\n\t<\/div>\n<\/div><\/div><\/div><div class=\"wpb_column vc_column_container vc_col-sm-10\"><div class=\"vc_column-inner\"><div class=\"wpb_wrapper\"><div class=\"team team_list clearfix\"><div class=\"column mobile-one one-fourth\"><div class=\"mcb-column-inner\"><div class=\"image_frame no_link scale-with-grid\"><div class=\"image_wrapper\"><a href=\"http:\/\/www.adrnordest.ro\" ><img class=\"scale-with-grid\" src=\"https:\/\/flavoursofeurope.eu\/wp-content\/uploads\/2023\/03\/Logo-culori.png\" alt=\"Logo-culori\" width=\"1000\" height=\"428\"\/><\/a><\/div><\/div><\/div><\/div><div class=\"column mobile-one one-second\"><div class=\"mcb-column-inner\"><div class=\"desc_wrapper\"><h4><a href=\"http:\/\/www.adrnordest.ro\" >North-East Regional Development Agency (Romania) Lead Partner<\/a><\/h4><p class=\"subtitle\">www.adrnordest.ro<\/p><hr class=\"hr_color\" \/><div class=\"desc\"><\/div><\/div><\/div><\/div><div class=\"column mobile-one one-fourth\"><div class=\"mcb-column-inner\"><div class=\"bq_wrapper\"><\/div><\/div><\/div><\/div>\n<div class=\"team team_list clearfix\"><div class=\"column mobile-one one-fourth\"><div class=\"mcb-column-inner\"><div class=\"image_frame no_link scale-with-grid\"><div class=\"image_wrapper\"><a href=\"http:\/\/www.adrnordest.ro\" ><img class=\"scale-with-grid\" src=\"https:\/\/flavoursofeurope.eu\/wp-content\/uploads\/2023\/03\/BfStudio-logo-1.png\" alt=\"BfStudio-logo (1)\" width=\"6760\" height=\"2899\"\/><\/a><\/div><\/div><\/div><\/div><div class=\"column mobile-one one-second\"><div class=\"mcb-column-inner\"><div class=\"desc_wrapper\"><h4><a href=\"http:\/\/www.adrnordest.ro\" >Budakov Films EOOD (Bulgaria)<\/a><\/h4><p class=\"subtitle\"><blockquote class=\"wp-embedded-content\" data-secret=\"uughgBV5qo\"><a href=\"https:\/\/bfstudio.eu\/\">In\u00edcio<\/a><\/blockquote><iframe class=\"wp-embedded-content\" sandbox=\"allow-scripts\" security=\"restricted\" style=\"position: absolute; clip: rect(1px, 1px, 1px, 1px);\" title=\"&#8220;Home&#8221; &#8212; BFStudio\" src=\"https:\/\/bfstudio.eu\/embed\/#?secret=uughgBV5qo\" data-secret=\"uughgBV5qo\" width=\"600\" height=\"338\" frameborder=\"0\" marginwidth=\"0\" marginheight=\"0\" scrolling=\"no\"><\/iframe><\/p><hr class=\"hr_color\" \/><div class=\"desc\"><\/div><\/div><\/div><\/div><div class=\"column mobile-one one-fourth\"><div class=\"mcb-column-inner\"><div class=\"bq_wrapper\"><\/div><\/div><\/div><\/div>\n<div class=\"team team_list clearfix\"><div class=\"column mobile-one one-fourth\"><div class=\"mcb-column-inner\"><div class=\"image_frame no_link scale-with-grid\"><div class=\"image_wrapper\"><a href=\"http:\/\/www.adrnordest.ro\" ><img class=\"scale-with-grid\" src=\"https:\/\/flavoursofeurope.eu\/wp-content\/uploads\/2023\/03\/logotipo_inova_cor.png\" alt=\"logotipo_inova_cor\" width=\"1988\" height=\"457\"\/><\/a><\/div><\/div><\/div><\/div><div class=\"column mobile-one one-second\"><div class=\"mcb-column-inner\"><div class=\"desc_wrapper\"><h4><a href=\"http:\/\/www.adrnordest.ro\" >Inova+ Innovation Services, SA (Portugal)<\/a><\/h4><p class=\"subtitle\"><blockquote class=\"wp-embedded-content\" data-secret=\"ry6G2Bv0jx\"><a href=\"https:\/\/inova.business\/en\/\">In\u00edcio<\/a><\/blockquote><iframe class=\"wp-embedded-content\" sandbox=\"allow-scripts\" security=\"restricted\" style=\"position: absolute; clip: rect(1px, 1px, 1px, 1px);\" title=\"&#8220;Home&#8221; &#8212; INOVA+\" src=\"https:\/\/inova.business\/en\/embed\/#?secret=OZN3acoLE9#?secret=ry6G2Bv0jx\" data-secret=\"ry6G2Bv0jx\" width=\"600\" height=\"338\" frameborder=\"0\" marginwidth=\"0\" marginheight=\"0\" scrolling=\"no\"><\/iframe><\/p><hr class=\"hr_color\" \/><div class=\"desc\"><\/div><\/div><\/div><\/div><div class=\"column mobile-one one-fourth\"><div class=\"mcb-column-inner\"><div class=\"bq_wrapper\"><\/div><\/div><\/div><\/div>\n<div class=\"team team_list clearfix\"><div class=\"column mobile-one one-fourth\"><div class=\"mcb-column-inner\"><div class=\"image_frame no_link scale-with-grid\"><div class=\"image_wrapper\"><a href=\"http:\/\/www.adrnordest.ro\" ><img class=\"scale-with-grid\" src=\"https:\/\/flavoursofeurope.eu\/wp-content\/uploads\/2023\/12\/logo.png\" alt=\"logo\" width=\"410\" height=\"123\"\/><\/a><\/div><\/div><\/div><\/div><div class=\"column mobile-one one-second\"><div class=\"mcb-column-inner\"><div class=\"desc_wrapper\"><h4><a href=\"http:\/\/www.adrnordest.ro\" >Eurocrea Merchant SRL (Italy)<\/a><\/h4><p class=\"subtitle\"><blockquote class=\"wp-embedded-content\" data-secret=\"Z2WXGABfKT\"><a href=\"https:\/\/www.falcoeassociati.it\/\">Falco &#038; associati &#8211; Rappresentiamo l&#8217;evoluzione dello studio tradizionale del Dottore Commercialista<\/a><\/blockquote><iframe class=\"wp-embedded-content\" sandbox=\"allow-scripts\" security=\"restricted\" style=\"position: absolute; clip: rect(1px, 1px, 1px, 1px);\" title=\"&#8220;Falco &#038; associati &#8211; Rappresentiamo l&#8217;evoluzione dello studio tradizionale del Dottore Commercialista&#8221; &#8212; Falco &amp; associati\" src=\"https:\/\/www.falcoeassociati.it\/embed\/#?secret=Kupf6TS8xf#?secret=Z2WXGABfKT\" data-secret=\"Z2WXGABfKT\" width=\"600\" height=\"338\" frameborder=\"0\" marginwidth=\"0\" marginheight=\"0\" scrolling=\"no\"><\/iframe><\/p><hr class=\"hr_color\" \/><div class=\"desc\"><\/div><\/div><\/div><\/div><div class=\"column mobile-one one-fourth\"><div class=\"mcb-column-inner\"><div class=\"bq_wrapper\"><\/div><\/div><\/div><\/div>\n<div class=\"team team_list clearfix\"><div class=\"column mobile-one one-fourth\"><div class=\"mcb-column-inner\"><div class=\"image_frame no_link scale-with-grid\"><div class=\"image_wrapper\"><a href=\"http:\/\/www.idec.gr\" ><img class=\"scale-with-grid\" src=\"https:\/\/flavoursofeurope.eu\/wp-content\/uploads\/2023\/03\/idec_logo_light_blue_print.png\" alt=\"idec_logo_light_blue_print\" width=\"976\" height=\"292\"\/><\/a><\/div><\/div><\/div><\/div><div class=\"column mobile-one one-second\"><div class=\"mcb-column-inner\"><div class=\"desc_wrapper\"><h4><a href=\"http:\/\/www.idec.gr\" >IDEC S.A. (Greece)<\/a><\/h4><p class=\"subtitle\">www.idec.gr<\/p><hr class=\"hr_color\" \/><div class=\"desc\"><\/div><\/div><\/div><\/div><div class=\"column mobile-one one-fourth\"><div class=\"mcb-column-inner\"><div class=\"bq_wrapper\"><\/div><\/div><\/div><\/div>\n<div class=\"team team_list clearfix\"><div class=\"column mobile-one one-fourth\"><div class=\"mcb-column-inner\"><div class=\"image_frame no_link scale-with-grid\"><div class=\"image_wrapper\"><a href=\"http:\/\/www.usv.ro\" ><img class=\"scale-with-grid\" src=\"https:\/\/flavoursofeurope.eu\/wp-content\/uploads\/2023\/03\/download.png\" alt=\"download\" width=\"413\" height=\"122\"\/><\/a><\/div><\/div><\/div><\/div><div class=\"column mobile-one one-second\"><div class=\"mcb-column-inner\"><div class=\"desc_wrapper\"><h4><a href=\"http:\/\/www.usv.ro\" >Universitatea \u201e\u0218tefan cel Mare\u201d<\/a><\/h4><p class=\"subtitle\">www.usv.ro<\/p><hr class=\"hr_color\" \/><div class=\"desc\"><\/div><\/div><\/div><\/div><div class=\"column mobile-one one-fourth\"><div class=\"mcb-column-inner\"><div class=\"bq_wrapper\"><\/div><\/div><\/div><\/div>\n<div class=\"team team_list clearfix\"><div class=\"column mobile-one one-fourth\"><div class=\"mcb-column-inner\"><div class=\"image_frame no_link scale-with-grid\"><div class=\"image_wrapper\"><a href=\"http:\/\/www.adrnordest.ro\" ><img class=\"scale-with-grid\" src=\"https:\/\/flavoursofeurope.eu\/wp-content\/uploads\/2023\/03\/ebsnewschoolazul.png\" alt=\"ebsnewschoolazul\" width=\"3446\" height=\"1956\"\/><\/a><\/div><\/div><\/div><\/div><div class=\"column mobile-one one-second\"><div class=\"mcb-column-inner\"><div class=\"desc_wrapper\"><h4><a href=\"http:\/\/www.adrnordest.ro\" >Fundaci\u00f3n para el Desarrollo Directivo (FUNDES) (Spain)<\/a><\/h4><p class=\"subtitle\">https:\/\/www.ebs.es\/<\/p><hr class=\"hr_color\" \/><div class=\"desc\"><\/div><\/div><\/div><\/div><div class=\"column mobile-one one-fourth\"><div class=\"mcb-column-inner\"><div class=\"bq_wrapper\"><\/div><\/div><\/div><\/div>\n<div class=\"team team_list clearfix\"><div class=\"column mobile-one one-fourth\"><div class=\"mcb-column-inner\"><div class=\"image_frame no_link scale-with-grid\"><div class=\"image_wrapper\"><a href=\"http:\/\/www.incomingromania.org\" ><img class=\"scale-with-grid\" src=\"https:\/\/flavoursofeurope.eu\/wp-content\/uploads\/2023\/03\/INCOMIN_RO_LOGO_vers3.jpg\" alt=\"INCOMIN_RO_LOGO_vers3\" width=\"958\" height=\"394\"\/><\/a><\/div><\/div><\/div><\/div><div class=\"column mobile-one one-second\"><div class=\"mcb-column-inner\"><div class=\"desc_wrapper\"><h4><a href=\"http:\/\/www.incomingromania.org\" >Asociatia Incoming Romania (Romania)<\/a><\/h4><p class=\"subtitle\">www.incomingromania.org<\/p><hr class=\"hr_color\" \/><div class=\"desc\"><\/div><\/div><\/div><\/div><div class=\"column mobile-one one-fourth\"><div class=\"mcb-column-inner\"><div class=\"bq_wrapper\"><\/div><\/div><\/div><\/div>\n<\/div><\/div><\/div><\/div><div class=\"vc_row wpb_row vc_row-fluid\"><div class=\"wpb_column vc_column_container vc_col-sm-12\"><div class=\"vc_column-inner\"><div class=\"wpb_wrapper\">\n\t<div class=\"wpb_text_column wpb_content_element\" >\n\t\t<div class=\"wpb_wrapper\">\n\t\t\t\n\t\t<\/div>\n\t<\/div>\n<\/div><\/div><\/div><\/div><div class=\"vc_row wpb_row vc_row-fluid\"><div class=\"wpb_column vc_column_container vc_col-sm-3\"><div class=\"vc_column-inner\"><div class=\"wpb_wrapper\">\n\t<div  class=\"wpb_single_image wpb_content_element vc_align_left\">\n\t\t\n\t\t<figure class=\"wpb_wrapper vc_figure\">\n\t\t\t<div class=\"vc_single_image-wrapper   vc_box_border_grey\"><img width=\"2363\" height=\"2363\" src=\"https:\/\/flavoursofeurope.eu\/wp-content\/uploads\/2023\/01\/Logo_Flavours-01.png\" class=\"vc_single_image-img attachment-full\" alt=\"\" decoding=\"async\" loading=\"lazy\" title=\"Logo_Flavours-01\" srcset=\"https:\/\/flavoursofeurope.eu\/wp-content\/uploads\/2023\/01\/Logo_Flavours-01.png 2363w, https:\/\/flavoursofeurope.eu\/wp-content\/uploads\/2023\/01\/Logo_Flavours-01-300x300.png 300w, https:\/\/flavoursofeurope.eu\/wp-content\/uploads\/2023\/01\/Logo_Flavours-01-1024x1024.png 1024w, https:\/\/flavoursofeurope.eu\/wp-content\/uploads\/2023\/01\/Logo_Flavours-01-150x150.png 150w, https:\/\/flavoursofeurope.eu\/wp-content\/uploads\/2023\/01\/Logo_Flavours-01-768x768.png 768w, https:\/\/flavoursofeurope.eu\/wp-content\/uploads\/2023\/01\/Logo_Flavours-01-1536x1536.png 1536w, https:\/\/flavoursofeurope.eu\/wp-content\/uploads\/2023\/01\/Logo_Flavours-01-2048x2048.png 2048w, https:\/\/flavoursofeurope.eu\/wp-content\/uploads\/2023\/01\/Logo_Flavours-01-146x146.png 146w, https:\/\/flavoursofeurope.eu\/wp-content\/uploads\/2023\/01\/Logo_Flavours-01-50x50.png 50w, https:\/\/flavoursofeurope.eu\/wp-content\/uploads\/2023\/01\/Logo_Flavours-01-75x75.png 75w, https:\/\/flavoursofeurope.eu\/wp-content\/uploads\/2023\/01\/Logo_Flavours-01-85x85.png 85w, https:\/\/flavoursofeurope.eu\/wp-content\/uploads\/2023\/01\/Logo_Flavours-01-80x80.png 80w\" sizes=\"(max-width: 2363px) 100vw, 2363px\" \/><\/div>\n\t\t<\/figure>\n\t<\/div>\n<\/div><\/div><\/div><div class=\"wpb_column vc_column_container vc_col-sm-6\"><div class=\"vc_column-inner\"><div class=\"wpb_wrapper\"><\/div><\/div><\/div><div class=\"wpb_column vc_column_container vc_col-sm-3\"><div class=\"vc_column-inner\"><div class=\"wpb_wrapper\">\n\t<div  class=\"wpb_single_image wpb_content_element vc_align_left\">\n\t\t\n\t\t<figure class=\"wpb_wrapper vc_figure\">\n\t\t\t<div class=\"vc_single_image-wrapper   vc_box_border_grey\"><img width=\"2363\" height=\"2363\" src=\"https:\/\/flavoursofeurope.eu\/wp-content\/uploads\/2023\/02\/Logo_Flavours-01.png\" class=\"vc_single_image-img attachment-full\" alt=\"\" decoding=\"async\" loading=\"lazy\" title=\"Logo_Flavours-01\" srcset=\"https:\/\/flavoursofeurope.eu\/wp-content\/uploads\/2023\/02\/Logo_Flavours-01.png 2363w, https:\/\/flavoursofeurope.eu\/wp-content\/uploads\/2023\/02\/Logo_Flavours-01-300x300.png 300w, https:\/\/flavoursofeurope.eu\/wp-content\/uploads\/2023\/02\/Logo_Flavours-01-1024x1024.png 1024w, https:\/\/flavoursofeurope.eu\/wp-content\/uploads\/2023\/02\/Logo_Flavours-01-150x150.png 150w, https:\/\/flavoursofeurope.eu\/wp-content\/uploads\/2023\/02\/Logo_Flavours-01-768x768.png 768w, https:\/\/flavoursofeurope.eu\/wp-content\/uploads\/2023\/02\/Logo_Flavours-01-1536x1536.png 1536w, https:\/\/flavoursofeurope.eu\/wp-content\/uploads\/2023\/02\/Logo_Flavours-01-2048x2048.png 2048w, https:\/\/flavoursofeurope.eu\/wp-content\/uploads\/2023\/02\/Logo_Flavours-01-146x146.png 146w, https:\/\/flavoursofeurope.eu\/wp-content\/uploads\/2023\/02\/Logo_Flavours-01-50x50.png 50w, https:\/\/flavoursofeurope.eu\/wp-content\/uploads\/2023\/02\/Logo_Flavours-01-75x75.png 75w, https:\/\/flavoursofeurope.eu\/wp-content\/uploads\/2023\/02\/Logo_Flavours-01-85x85.png 85w, https:\/\/flavoursofeurope.eu\/wp-content\/uploads\/2023\/02\/Logo_Flavours-01-80x80.png 80w\" sizes=\"(max-width: 2363px) 100vw, 2363px\" \/><\/div>\n\t\t<\/figure>\n\t<\/div>\n<\/div><\/div><\/div><\/div><div data-vc-full-width=\"true\" data-vc-full-width-init=\"false\" class=\"vc_row wpb_row vc_row-fluid vc_custom_1676279157506 vc_row-has-fill\"><div class=\"wpb_column vc_column_container vc_col-sm-12\"><div class=\"vc_column-inner\"><div class=\"wpb_wrapper\">\n\t<div class=\"wpb_text_column wpb_content_element  vc_custom_1676279303671\" >\n\t\t<div class=\"wpb_wrapper\">\n\t\t\t<p class=\" translation-block\"><span style=\"color: #ffffff\"><strong><span class=\"markedContent\"><span dir=\"ltr\" role=\"presentation\">O apoio da Comiss\u00e3o Europeia para a produ\u00e7\u00e3o desta publica\u00e7\u00e3o n\u00e3o constitui um endosso do conte\u00fado que <\/span><span dir=\"ltr\" role=\"presentation\">reflete apenas as opini\u00f5es dos autores, e a Comiss\u00e3o n\u00e3o pode ser responsabilizada por qualquer uso que possa ser feito do <\/span> <span dir=\"ltr\" role=\"presentation\">informa\u00e7\u00f5es nele contidas.<\/span><\/span><\/strong><\/span><\/p>\n\n\t\t<\/div>\n\t<\/div>\n<\/div><\/div><\/div><\/div><div class=\"vc_row-full-width vc_clearfix\"><\/div>","protected":false},"excerpt":{"rendered":"North-East Regional Development Agency (Romania) Lead Partnerwww.adrnordest.ro Budakov Films EOOD (Bulgaria)Home Inova+ Innovation Services, SA (Portugal)Home Eurocrea Merchant SRL (Italy)Falco &#038; associati &#8211; Rappresentiamo l&#8217;evoluzione dello<span class=\"excerpt-hellip\"> [\u2026]<\/span>","protected":false},"author":1,"featured_media":0,"parent":0,"menu_order":0,"comment_status":"closed","ping_status":"closed","template":"","meta":[],"_links":{"self":[{"href":"https:\/\/flavoursofeurope.eu\/pt_pt\/wp-json\/wp\/v2\/pages\/29"}],"collection":[{"href":"https:\/\/flavoursofeurope.eu\/pt_pt\/wp-json\/wp\/v2\/pages"}],"about":[{"href":"https:\/\/flavoursofeurope.eu\/pt_pt\/wp-json\/wp\/v2\/types\/page"}],"author":[{"embeddable":true,"href":"https:\/\/flavoursofeurope.eu\/pt_pt\/wp-json\/wp\/v2\/users\/1"}],"replies":[{"embeddable":true,"href":"https:\/\/flavoursofeurope.eu\/pt_pt\/wp-json\/wp\/v2\/comments?post=29"}],"version-history":[{"count":17,"href":"https:\/\/flavoursofeurope.eu\/pt_pt\/wp-json\/wp\/v2\/pages\/29\/revisions"}],"predecessor-version":[{"id":522,"href":"https:\/\/flavoursofeurope.eu\/pt_pt\/wp-json\/wp\/v2\/pages\/29\/revisions\/522"}],"wp:attachment":[{"href":"https:\/\/flavoursofeurope.eu\/pt_pt\/wp-json\/wp\/v2\/media?parent=29"}],"curies":[{"name":"wp","href":"https:\/\/api.w.org\/{rel}","templated":true}]}}