{"id":238,"date":"2023-02-14T10:24:28","date_gmt":"2023-02-14T10:24:28","guid":{"rendered":"https:\/\/flavoursofeurope.eu\/?page_id=238"},"modified":"2023-10-26T11:49:32","modified_gmt":"2023-10-26T11:49:32","slug":"white-paper-on-gastronomy-cultural-heritage-and-tourism-digital-marketing","status":"publish","type":"page","link":"https:\/\/flavoursofeurope.eu\/pt_pt\/white-paper-on-gastronomy-cultural-heritage-and-tourism-digital-marketing\/","title":{"rendered":"Plataforma Educativa E-learning"},"content":{"rendered":"<div data-vc-full-width=\"true\" data-vc-full-width-init=\"false\" data-vc-stretch-content=\"true\" class=\"vc_row wpb_row vc_row-fluid vc_custom_1678104784149 vc_row-no-padding\"><div class=\"wpb_column vc_column_container vc_col-sm-12\"><div class=\"vc_column-inner\"><div class=\"wpb_wrapper\">\n\t<div  class=\"wpb_single_image wpb_content_element vc_align_left\">\n\t\t\n\t\t<figure class=\"wpb_wrapper vc_figure\">\n\t\t\t<div class=\"vc_single_image-wrapper   vc_box_border_grey\"><img width=\"2048\" height=\"301\" src=\"https:\/\/flavoursofeurope.eu\/wp-content\/uploads\/2023\/03\/Arctic-Restaurant-Autumn-flavors-Rovaniemi-Lapland-Finland-1.jpg\" class=\"vc_single_image-img attachment-full\" alt=\"\" decoding=\"async\" loading=\"lazy\" title=\"Arctic-Restaurant-Autumn-flavors-Rovaniemi-Lapland-Finland\" srcset=\"https:\/\/flavoursofeurope.eu\/wp-content\/uploads\/2023\/03\/Arctic-Restaurant-Autumn-flavors-Rovaniemi-Lapland-Finland-1.jpg 2048w, https:\/\/flavoursofeurope.eu\/wp-content\/uploads\/2023\/03\/Arctic-Restaurant-Autumn-flavors-Rovaniemi-Lapland-Finland-1-300x44.jpg 300w, https:\/\/flavoursofeurope.eu\/wp-content\/uploads\/2023\/03\/Arctic-Restaurant-Autumn-flavors-Rovaniemi-Lapland-Finland-1-1024x151.jpg 1024w, https:\/\/flavoursofeurope.eu\/wp-content\/uploads\/2023\/03\/Arctic-Restaurant-Autumn-flavors-Rovaniemi-Lapland-Finland-1-768x113.jpg 768w, https:\/\/flavoursofeurope.eu\/wp-content\/uploads\/2023\/03\/Arctic-Restaurant-Autumn-flavors-Rovaniemi-Lapland-Finland-1-1536x226.jpg 1536w, https:\/\/flavoursofeurope.eu\/wp-content\/uploads\/2023\/03\/Arctic-Restaurant-Autumn-flavors-Rovaniemi-Lapland-Finland-1-260x38.jpg 260w, https:\/\/flavoursofeurope.eu\/wp-content\/uploads\/2023\/03\/Arctic-Restaurant-Autumn-flavors-Rovaniemi-Lapland-Finland-1-50x7.jpg 50w, https:\/\/flavoursofeurope.eu\/wp-content\/uploads\/2023\/03\/Arctic-Restaurant-Autumn-flavors-Rovaniemi-Lapland-Finland-1-150x22.jpg 150w\" sizes=\"(max-width: 2048px) 100vw, 2048px\" \/><\/div>\n\t\t<\/figure>\n\t<\/div>\n<\/div><\/div><\/div><\/div><div class=\"vc_row-full-width vc_clearfix\"><\/div><div class=\"vc_row wpb_row vc_row-fluid\"><div class=\"wpb_column vc_column_container vc_col-sm-2\"><div class=\"vc_column-inner\"><div class=\"wpb_wrapper\">\n\t<div class=\"wpb_text_column wpb_content_element\" >\n\t\t<div class=\"wpb_wrapper\">\n\t\t\t<h3><img decoding=\"async\" loading=\"lazy\" class=\"alignnone wp-image-183\" src=\"https:\/\/flavoursofeurope.eu\/wp-content\/uploads\/2023\/02\/3.png\" alt=\"\" width=\"235\" height=\"150\" srcset=\"https:\/\/flavoursofeurope.eu\/wp-content\/uploads\/2023\/02\/3.png 326w, https:\/\/flavoursofeurope.eu\/wp-content\/uploads\/2023\/02\/3-300x191.png 300w, https:\/\/flavoursofeurope.eu\/wp-content\/uploads\/2023\/02\/3-229x146.png 229w, https:\/\/flavoursofeurope.eu\/wp-content\/uploads\/2023\/02\/3-50x32.png 50w, https:\/\/flavoursofeurope.eu\/wp-content\/uploads\/2023\/02\/3-118x75.png 118w\" sizes=\"(max-width: 235px) 100vw, 235px\" \/><\/h3>\n<h3><\/h3>\n\n\t\t<\/div>\n\t<\/div>\n<\/div><\/div><\/div><div class=\"wpb_column vc_column_container vc_col-sm-10\"><div class=\"vc_column-inner\"><div class=\"wpb_wrapper\">\n\t<div class=\"wpb_text_column wpb_content_element  vc_custom_1698320971786\" >\n\t\t<div class=\"wpb_wrapper\">\n\t\t\t<h3><a href=\"https:\/\/academy.flavoursofeurope.eu\/\" target=\"_blank\" rel=\"noopener\"><span style=\"color: #e56565;\"><strong>Plataforma Educativa E-learning<\/strong><\/span><\/a><\/h3>\n\n\t\t<\/div>\n\t<\/div>\n<\/div><\/div><\/div><\/div><div class=\"vc_row wpb_row vc_row-fluid\"><div class=\"wpb_column vc_column_container vc_col-sm-12\"><div class=\"vc_column-inner\"><div class=\"wpb_wrapper\">\n\t<div class=\"wpb_text_column wpb_content_element\" >\n\t\t<div class=\"wpb_wrapper\">\n\t\t\t<p>O projeto ir\u00e1 transferir para os utilizadores finais uma ferramenta inovadora de ensino e aprendizagem, adaptando os materiais de forma\u00e7\u00e3o \u00e0 efici\u00eancia da educa\u00e7\u00e3o baseada na web, em infraestruturas e servi\u00e7os de turismo de patrim\u00f3nio gastron\u00f3mico cultural.<\/p>\n<p>A plataforma ir\u00e1 satisfazer a necessidade de utilizar uma ferramenta de ensino mas tamb\u00e9m de praticar as compet\u00eancias digitais dos benefici\u00e1rios do projeto.\nA plataforma de e-learning do projeto introduzir\u00e1 uma nova abordagem metodol\u00f3gica \u00e0 aprendizagem e ensino online, uma vez que conduzir\u00e3o os alunos do curso, professores universit\u00e1rios e outros educadores e formadores de adultos atrav\u00e9s de segmentos separados. Os educandos ter\u00e3o a possibilidade de os estudar por ordem aleat\u00f3ria. A plataforma de e-learning ser\u00e1 desenvolvida para ser utilizada para auto-aprendizagem por utilizadores independentes que podem aceder \u00e0 plataforma sempre que quiserem.<\/p>\n\n\t\t<\/div>\n\t<\/div>\n<\/div><\/div><\/div><\/div><div class=\"vc_row wpb_row vc_row-fluid\"><div class=\"wpb_column vc_column_container vc_col-sm-3\"><div class=\"vc_column-inner\"><div class=\"wpb_wrapper\">\n\t<div  class=\"wpb_single_image wpb_content_element vc_align_left\">\n\t\t\n\t\t<figure class=\"wpb_wrapper vc_figure\">\n\t\t\t<div class=\"vc_single_image-wrapper   vc_box_border_grey\"><img width=\"300\" height=\"300\" src=\"https:\/\/flavoursofeurope.eu\/wp-content\/uploads\/2023\/01\/Logo_Flavours-01-300x300.png\" class=\"vc_single_image-img attachment-medium\" alt=\"\" decoding=\"async\" loading=\"lazy\" title=\"Logo_Flavours-01\" srcset=\"https:\/\/flavoursofeurope.eu\/wp-content\/uploads\/2023\/01\/Logo_Flavours-01-300x300.png 300w, https:\/\/flavoursofeurope.eu\/wp-content\/uploads\/2023\/01\/Logo_Flavours-01-1024x1024.png 1024w, https:\/\/flavoursofeurope.eu\/wp-content\/uploads\/2023\/01\/Logo_Flavours-01-150x150.png 150w, https:\/\/flavoursofeurope.eu\/wp-content\/uploads\/2023\/01\/Logo_Flavours-01-768x768.png 768w, https:\/\/flavoursofeurope.eu\/wp-content\/uploads\/2023\/01\/Logo_Flavours-01-1536x1536.png 1536w, https:\/\/flavoursofeurope.eu\/wp-content\/uploads\/2023\/01\/Logo_Flavours-01-2048x2048.png 2048w, https:\/\/flavoursofeurope.eu\/wp-content\/uploads\/2023\/01\/Logo_Flavours-01-146x146.png 146w, https:\/\/flavoursofeurope.eu\/wp-content\/uploads\/2023\/01\/Logo_Flavours-01-50x50.png 50w, https:\/\/flavoursofeurope.eu\/wp-content\/uploads\/2023\/01\/Logo_Flavours-01-75x75.png 75w, https:\/\/flavoursofeurope.eu\/wp-content\/uploads\/2023\/01\/Logo_Flavours-01-85x85.png 85w, https:\/\/flavoursofeurope.eu\/wp-content\/uploads\/2023\/01\/Logo_Flavours-01-80x80.png 80w\" sizes=\"(max-width: 300px) 100vw, 300px\" \/><\/div>\n\t\t<\/figure>\n\t<\/div>\n<\/div><\/div><\/div><div class=\"wpb_column vc_column_container vc_col-sm-6\"><div class=\"vc_column-inner\"><div class=\"wpb_wrapper\"><\/div><\/div><\/div><div class=\"wpb_column vc_column_container vc_col-sm-3\"><div class=\"vc_column-inner\"><div class=\"wpb_wrapper\">\n\t<div  class=\"wpb_single_image wpb_content_element vc_align_left\">\n\t\t\n\t\t<figure class=\"wpb_wrapper vc_figure\">\n\t\t\t<div class=\"vc_single_image-wrapper   vc_box_border_grey\"><img width=\"300\" height=\"300\" src=\"https:\/\/flavoursofeurope.eu\/wp-content\/uploads\/2023\/02\/Logo_Flavours-01-300x300.png\" class=\"vc_single_image-img attachment-medium\" alt=\"\" decoding=\"async\" loading=\"lazy\" title=\"Logo_Flavours-01\" srcset=\"https:\/\/flavoursofeurope.eu\/wp-content\/uploads\/2023\/02\/Logo_Flavours-01-300x300.png 300w, https:\/\/flavoursofeurope.eu\/wp-content\/uploads\/2023\/02\/Logo_Flavours-01-1024x1024.png 1024w, https:\/\/flavoursofeurope.eu\/wp-content\/uploads\/2023\/02\/Logo_Flavours-01-150x150.png 150w, https:\/\/flavoursofeurope.eu\/wp-content\/uploads\/2023\/02\/Logo_Flavours-01-768x768.png 768w, https:\/\/flavoursofeurope.eu\/wp-content\/uploads\/2023\/02\/Logo_Flavours-01-1536x1536.png 1536w, https:\/\/flavoursofeurope.eu\/wp-content\/uploads\/2023\/02\/Logo_Flavours-01-2048x2048.png 2048w, https:\/\/flavoursofeurope.eu\/wp-content\/uploads\/2023\/02\/Logo_Flavours-01-146x146.png 146w, https:\/\/flavoursofeurope.eu\/wp-content\/uploads\/2023\/02\/Logo_Flavours-01-50x50.png 50w, https:\/\/flavoursofeurope.eu\/wp-content\/uploads\/2023\/02\/Logo_Flavours-01-75x75.png 75w, https:\/\/flavoursofeurope.eu\/wp-content\/uploads\/2023\/02\/Logo_Flavours-01-85x85.png 85w, https:\/\/flavoursofeurope.eu\/wp-content\/uploads\/2023\/02\/Logo_Flavours-01-80x80.png 80w\" sizes=\"(max-width: 300px) 100vw, 300px\" \/><\/div>\n\t\t<\/figure>\n\t<\/div>\n<\/div><\/div><\/div><\/div><div data-vc-full-width=\"true\" data-vc-full-width-init=\"false\" class=\"vc_row wpb_row vc_row-fluid vc_custom_1676371208245 vc_row-has-fill\"><div class=\"wpb_column vc_column_container vc_col-sm-12\"><div class=\"vc_column-inner\"><div class=\"wpb_wrapper\">\n\t<div class=\"wpb_text_column wpb_content_element  vc_custom_1676371240656\" >\n\t\t<div class=\"wpb_wrapper\">\n\t\t\t<p class=\" translation-block\"><span style=\"color: #ffffff\"><strong><span class=\"markedContent\"><span dir=\"ltr\" role=\"presentation\">O apoio da Comiss\u00e3o Europeia para a produ\u00e7\u00e3o desta publica\u00e7\u00e3o n\u00e3o constitui um endosso do conte\u00fado que <\/span><span dir=\"ltr\" role=\"presentation\">reflete apenas as opini\u00f5es dos autores, e a Comiss\u00e3o n\u00e3o pode ser responsabilizada por qualquer uso que possa ser feito do <\/span> <span dir=\"ltr\" role=\"presentation\">informa\u00e7\u00f5es nele contidas.<\/span><\/span><\/strong><\/span><\/p>\n\n\t\t<\/div>\n\t<\/div>\n<\/div><\/div><\/div><\/div><div class=\"vc_row-full-width vc_clearfix\"><\/div>","protected":false},"excerpt":{"rendered":"Educational E-learning Platform The project will transfer to the end users an innovative teaching and learning tool, adapting the training materials to web-based education efficiency in<span class=\"excerpt-hellip\"> [\u2026]<\/span>","protected":false},"author":1,"featured_media":0,"parent":0,"menu_order":0,"comment_status":"closed","ping_status":"closed","template":"","meta":[],"_links":{"self":[{"href":"https:\/\/flavoursofeurope.eu\/pt_pt\/wp-json\/wp\/v2\/pages\/238"}],"collection":[{"href":"https:\/\/flavoursofeurope.eu\/pt_pt\/wp-json\/wp\/v2\/pages"}],"about":[{"href":"https:\/\/flavoursofeurope.eu\/pt_pt\/wp-json\/wp\/v2\/types\/page"}],"author":[{"embeddable":true,"href":"https:\/\/flavoursofeurope.eu\/pt_pt\/wp-json\/wp\/v2\/users\/1"}],"replies":[{"embeddable":true,"href":"https:\/\/flavoursofeurope.eu\/pt_pt\/wp-json\/wp\/v2\/comments?post=238"}],"version-history":[{"count":9,"href":"https:\/\/flavoursofeurope.eu\/pt_pt\/wp-json\/wp\/v2\/pages\/238\/revisions"}],"predecessor-version":[{"id":516,"href":"https:\/\/flavoursofeurope.eu\/pt_pt\/wp-json\/wp\/v2\/pages\/238\/revisions\/516"}],"wp:attachment":[{"href":"https:\/\/flavoursofeurope.eu\/pt_pt\/wp-json\/wp\/v2\/media?parent=238"}],"curies":[{"name":"wp","href":"https:\/\/api.w.org\/{rel}","templated":true}]}}