{"id":25,"date":"2020-04-15T09:34:21","date_gmt":"2020-04-15T09:34:21","guid":{"rendered":"https:\/\/themes.muffingroup.com\/be\/charity3\/?page_id=25"},"modified":"2023-03-06T12:03:15","modified_gmt":"2023-03-06T12:03:15","slug":"who-we-are","status":"publish","type":"page","link":"https:\/\/flavoursofeurope.eu\/it_it\/who-we-are\/","title":{"rendered":"Su di noi"},"content":{"rendered":"<div data-vc-full-width=\"true\" data-vc-full-width-init=\"false\" data-vc-stretch-content=\"true\" class=\"vc_row wpb_row vc_row-fluid vc_row-no-padding\"><div class=\"wpb_column vc_column_container vc_col-sm-12\"><div class=\"vc_column-inner\"><div class=\"wpb_wrapper\">\n\t<div  class=\"wpb_single_image wpb_content_element vc_align_left\">\n\t\t\n\t\t<figure class=\"wpb_wrapper vc_figure\">\n\t\t\t<div class=\"vc_single_image-wrapper   vc_box_border_grey\"><img width=\"2048\" height=\"301\" src=\"https:\/\/flavoursofeurope.eu\/wp-content\/uploads\/2023\/03\/Arctic-Restaurant-Autumn-flavors-Rovaniemi-Lapland-Finland.jpg\" class=\"vc_single_image-img attachment-full\" alt=\"\" decoding=\"async\" loading=\"lazy\" title=\"Arctic-Restaurant-Autumn-flavors-Rovaniemi-Lapland-Finland\" srcset=\"https:\/\/flavoursofeurope.eu\/wp-content\/uploads\/2023\/03\/Arctic-Restaurant-Autumn-flavors-Rovaniemi-Lapland-Finland.jpg 2048w, https:\/\/flavoursofeurope.eu\/wp-content\/uploads\/2023\/03\/Arctic-Restaurant-Autumn-flavors-Rovaniemi-Lapland-Finland-300x44.jpg 300w, https:\/\/flavoursofeurope.eu\/wp-content\/uploads\/2023\/03\/Arctic-Restaurant-Autumn-flavors-Rovaniemi-Lapland-Finland-1024x151.jpg 1024w, https:\/\/flavoursofeurope.eu\/wp-content\/uploads\/2023\/03\/Arctic-Restaurant-Autumn-flavors-Rovaniemi-Lapland-Finland-768x113.jpg 768w, https:\/\/flavoursofeurope.eu\/wp-content\/uploads\/2023\/03\/Arctic-Restaurant-Autumn-flavors-Rovaniemi-Lapland-Finland-1536x226.jpg 1536w, https:\/\/flavoursofeurope.eu\/wp-content\/uploads\/2023\/03\/Arctic-Restaurant-Autumn-flavors-Rovaniemi-Lapland-Finland-260x38.jpg 260w, https:\/\/flavoursofeurope.eu\/wp-content\/uploads\/2023\/03\/Arctic-Restaurant-Autumn-flavors-Rovaniemi-Lapland-Finland-50x7.jpg 50w, https:\/\/flavoursofeurope.eu\/wp-content\/uploads\/2023\/03\/Arctic-Restaurant-Autumn-flavors-Rovaniemi-Lapland-Finland-150x22.jpg 150w\" sizes=\"(max-width: 2048px) 100vw, 2048px\" \/><\/div>\n\t\t<\/figure>\n\t<\/div>\n<\/div><\/div><\/div><\/div><div class=\"vc_row-full-width vc_clearfix\"><\/div><div class=\"vc_row wpb_row vc_row-fluid\"><div class=\"wpb_column vc_column_container vc_col-sm-8\"><div class=\"vc_column-inner\"><div class=\"wpb_wrapper\">\n\t<div class=\"wpb_text_column wpb_content_element\" >\n\t\t<div class=\"wpb_wrapper\">\n\t\t\t<h5 class=\" translation-block\">Attraverso il progetto <span style=\"color: #ff6600\">FLAVOURS OF EUROPE<\/span>, il consorzio svilupper\u00e0 materiali di formazione innovativi e di alta qualit\u00e0, adattati alle esigenze di miglioramento delle competenze degli adulti poco qualificati e principalmente delle donne per creare imprese e sviluppare comunit\u00e0 inclusive nelle regioni rurali con popolazione in diminuzione e\/o nelle regioni che soffrono della crisi economica generata dal COVID-19. Il progetto Flavours of Europe mira a sviluppare fino al 2023 un nuovo curriculum educativo per aumentare le competenze di oltre 800 adulti, in particolare donne con opportunit\u00e0 ridotte provenienti da aree rurali svantaggiate, sulla costruzione di uno sviluppo comunitario inclusivo attraverso il turismo del patrimonio gastronomico<\/h5>\n\n\t\t<\/div>\n\t<\/div>\n\n\t<div class=\"wpb_text_column wpb_content_element\" >\n\t\t<div class=\"wpb_wrapper\">\n\t\t\t<h5>\"Il progetto presenta alcune risposte alla crisi del Covid-19, che ha generato maggiore povert\u00e0 e pressione sugli adulti, soprattutto donne provenienti da aree rurali remote e svantaggiate. L'obiettivo \u00e8 mostrare come gli adulti, le donne e le ONG delle aree rurali possono affrontare le emergenze e costruire le basi per ripensare all'attuale crisi come un punto di svolta cruciale per uno sviluppo resiliente dei territori rurali. \u00c8 fondamentale superare l'idea delle aree rurali come un sistema di produzione alimentare, chiedendo una visione pi\u00f9 ampia delle comunit\u00e0 rurali come poli di sviluppo basati sul patrimonio locale, le risorse naturali, la creativit\u00e0 e l'inclusione sociale come elementi essenziali per rigenerare le aree rurali e sostenere rapidamente la loro transizione verso un futuro sostenibile attraverso il turismo.\n\"<\/h5>\n\n\t\t<\/div>\n\t<\/div>\n<\/div><\/div><\/div><div class=\"wpb_column vc_column_container vc_col-sm-4\"><div class=\"vc_column-inner\"><div class=\"wpb_wrapper\">\n\t<div  class=\"wpb_single_image wpb_content_element vc_align_left\">\n\t\t\n\t\t<figure class=\"wpb_wrapper vc_figure\">\n\t\t\t<div class=\"vc_single_image-wrapper   vc_box_border_grey\"><img width=\"175\" height=\"347\" src=\"https:\/\/flavoursofeurope.eu\/wp-content\/uploads\/2023\/02\/Screenshot-2023-02-10-163849.png\" class=\"vc_single_image-img attachment-full\" alt=\"\" decoding=\"async\" loading=\"lazy\" title=\"Screenshot 2023-02-10 163849\" srcset=\"https:\/\/flavoursofeurope.eu\/wp-content\/uploads\/2023\/02\/Screenshot-2023-02-10-163849.png 175w, https:\/\/flavoursofeurope.eu\/wp-content\/uploads\/2023\/02\/Screenshot-2023-02-10-163849-151x300.png 151w, https:\/\/flavoursofeurope.eu\/wp-content\/uploads\/2023\/02\/Screenshot-2023-02-10-163849-74x146.png 74w, https:\/\/flavoursofeurope.eu\/wp-content\/uploads\/2023\/02\/Screenshot-2023-02-10-163849-25x50.png 25w, https:\/\/flavoursofeurope.eu\/wp-content\/uploads\/2023\/02\/Screenshot-2023-02-10-163849-38x75.png 38w\" sizes=\"(max-width: 175px) 100vw, 175px\" \/><\/div>\n\t\t<\/figure>\n\t<\/div>\n<\/div><\/div><\/div><\/div><div class=\"vc_row wpb_row vc_row-fluid\"><div class=\"wpb_column vc_column_container vc_col-sm-3\"><div class=\"vc_column-inner\"><div class=\"wpb_wrapper\">\n\t<div  class=\"wpb_single_image wpb_content_element vc_align_left\">\n\t\t\n\t\t<figure class=\"wpb_wrapper vc_figure\">\n\t\t\t<div class=\"vc_single_image-wrapper   vc_box_border_grey\"><img width=\"2363\" height=\"2363\" src=\"https:\/\/flavoursofeurope.eu\/wp-content\/uploads\/2023\/01\/Logo_Flavours-01.png\" class=\"vc_single_image-img attachment-full\" alt=\"\" decoding=\"async\" loading=\"lazy\" title=\"Logo_Flavours-01\" srcset=\"https:\/\/flavoursofeurope.eu\/wp-content\/uploads\/2023\/01\/Logo_Flavours-01.png 2363w, https:\/\/flavoursofeurope.eu\/wp-content\/uploads\/2023\/01\/Logo_Flavours-01-300x300.png 300w, https:\/\/flavoursofeurope.eu\/wp-content\/uploads\/2023\/01\/Logo_Flavours-01-1024x1024.png 1024w, https:\/\/flavoursofeurope.eu\/wp-content\/uploads\/2023\/01\/Logo_Flavours-01-150x150.png 150w, https:\/\/flavoursofeurope.eu\/wp-content\/uploads\/2023\/01\/Logo_Flavours-01-768x768.png 768w, https:\/\/flavoursofeurope.eu\/wp-content\/uploads\/2023\/01\/Logo_Flavours-01-1536x1536.png 1536w, https:\/\/flavoursofeurope.eu\/wp-content\/uploads\/2023\/01\/Logo_Flavours-01-2048x2048.png 2048w, https:\/\/flavoursofeurope.eu\/wp-content\/uploads\/2023\/01\/Logo_Flavours-01-146x146.png 146w, https:\/\/flavoursofeurope.eu\/wp-content\/uploads\/2023\/01\/Logo_Flavours-01-50x50.png 50w, https:\/\/flavoursofeurope.eu\/wp-content\/uploads\/2023\/01\/Logo_Flavours-01-75x75.png 75w, https:\/\/flavoursofeurope.eu\/wp-content\/uploads\/2023\/01\/Logo_Flavours-01-85x85.png 85w, https:\/\/flavoursofeurope.eu\/wp-content\/uploads\/2023\/01\/Logo_Flavours-01-80x80.png 80w\" sizes=\"(max-width: 2363px) 100vw, 2363px\" \/><\/div>\n\t\t<\/figure>\n\t<\/div>\n<\/div><\/div><\/div><div class=\"wpb_column vc_column_container vc_col-sm-6\"><div class=\"vc_column-inner\"><div class=\"wpb_wrapper\"><\/div><\/div><\/div><div class=\"wpb_column vc_column_container vc_col-sm-3\"><div class=\"vc_column-inner\"><div class=\"wpb_wrapper\">\n\t<div  class=\"wpb_single_image wpb_content_element vc_align_left\">\n\t\t\n\t\t<figure class=\"wpb_wrapper vc_figure\">\n\t\t\t<div class=\"vc_single_image-wrapper   vc_box_border_grey\"><img width=\"2363\" height=\"2363\" src=\"https:\/\/flavoursofeurope.eu\/wp-content\/uploads\/2023\/02\/Logo_Flavours-01.png\" class=\"vc_single_image-img attachment-full\" alt=\"\" decoding=\"async\" loading=\"lazy\" title=\"Logo_Flavours-01\" srcset=\"https:\/\/flavoursofeurope.eu\/wp-content\/uploads\/2023\/02\/Logo_Flavours-01.png 2363w, https:\/\/flavoursofeurope.eu\/wp-content\/uploads\/2023\/02\/Logo_Flavours-01-300x300.png 300w, https:\/\/flavoursofeurope.eu\/wp-content\/uploads\/2023\/02\/Logo_Flavours-01-1024x1024.png 1024w, https:\/\/flavoursofeurope.eu\/wp-content\/uploads\/2023\/02\/Logo_Flavours-01-150x150.png 150w, https:\/\/flavoursofeurope.eu\/wp-content\/uploads\/2023\/02\/Logo_Flavours-01-768x768.png 768w, https:\/\/flavoursofeurope.eu\/wp-content\/uploads\/2023\/02\/Logo_Flavours-01-1536x1536.png 1536w, https:\/\/flavoursofeurope.eu\/wp-content\/uploads\/2023\/02\/Logo_Flavours-01-2048x2048.png 2048w, https:\/\/flavoursofeurope.eu\/wp-content\/uploads\/2023\/02\/Logo_Flavours-01-146x146.png 146w, https:\/\/flavoursofeurope.eu\/wp-content\/uploads\/2023\/02\/Logo_Flavours-01-50x50.png 50w, https:\/\/flavoursofeurope.eu\/wp-content\/uploads\/2023\/02\/Logo_Flavours-01-75x75.png 75w, https:\/\/flavoursofeurope.eu\/wp-content\/uploads\/2023\/02\/Logo_Flavours-01-85x85.png 85w, https:\/\/flavoursofeurope.eu\/wp-content\/uploads\/2023\/02\/Logo_Flavours-01-80x80.png 80w\" sizes=\"(max-width: 2363px) 100vw, 2363px\" \/><\/div>\n\t\t<\/figure>\n\t<\/div>\n<\/div><\/div><\/div><\/div><div data-vc-full-width=\"true\" data-vc-full-width-init=\"false\" class=\"vc_row wpb_row vc_row-fluid vc_custom_1676279157506 vc_row-has-fill\"><div class=\"wpb_column vc_column_container vc_col-sm-12\"><div class=\"vc_column-inner\"><div class=\"wpb_wrapper\">\n\t<div class=\"wpb_text_column wpb_content_element  vc_custom_1676279303671\" >\n\t\t<div class=\"wpb_wrapper\">\n\t\t\t<p class=\" translation-block\"><span style=\"color: #ffffff\"><strong><span class=\"markedContent\"><span dir=\"ltr\" role=\"presentation\">Il sostegno della Commissione Europea alla produzione di questa pubblicazione non costituisce un approvazione dei contenuti che\u00a0<\/span><span dir=\"ltr\" role=\"presentation\">riflette solo il punto di vista degli autori, e la Commissione non pu\u00f2 essere ritenuta responsabile per qualsiasi uso che possa essere fatto del\u00a0<\/span> <span dir=\"ltr\" role=\"presentation\">informazioni ivi contenute.<\/span><\/span><\/strong><\/span><\/p>\n\n\t\t<\/div>\n\t<\/div>\n<\/div><\/div><\/div><\/div><div class=\"vc_row-full-width vc_clearfix\"><\/div>","protected":false},"excerpt":{"rendered":"Through FLAVOURS OF EUROPE project, the consortium will develop high quality and innovative training materials, tailored to the needs of improving the competences of low skilled<span class=\"excerpt-hellip\"> [\u2026]<\/span>","protected":false},"author":1,"featured_media":0,"parent":0,"menu_order":0,"comment_status":"closed","ping_status":"closed","template":"","meta":[],"_links":{"self":[{"href":"https:\/\/flavoursofeurope.eu\/it_it\/wp-json\/wp\/v2\/pages\/25"}],"collection":[{"href":"https:\/\/flavoursofeurope.eu\/it_it\/wp-json\/wp\/v2\/pages"}],"about":[{"href":"https:\/\/flavoursofeurope.eu\/it_it\/wp-json\/wp\/v2\/types\/page"}],"author":[{"embeddable":true,"href":"https:\/\/flavoursofeurope.eu\/it_it\/wp-json\/wp\/v2\/users\/1"}],"replies":[{"embeddable":true,"href":"https:\/\/flavoursofeurope.eu\/it_it\/wp-json\/wp\/v2\/comments?post=25"}],"version-history":[{"count":15,"href":"https:\/\/flavoursofeurope.eu\/it_it\/wp-json\/wp\/v2\/pages\/25\/revisions"}],"predecessor-version":[{"id":314,"href":"https:\/\/flavoursofeurope.eu\/it_it\/wp-json\/wp\/v2\/pages\/25\/revisions\/314"}],"wp:attachment":[{"href":"https:\/\/flavoursofeurope.eu\/it_it\/wp-json\/wp\/v2\/media?parent=25"}],"curies":[{"name":"wp","href":"https:\/\/api.w.org\/{rel}","templated":true}]}}