{"id":242,"date":"2023-02-14T10:25:05","date_gmt":"2023-02-14T10:25:05","guid":{"rendered":"https:\/\/flavoursofeurope.eu\/?page_id=242"},"modified":"2023-03-06T12:04:58","modified_gmt":"2023-03-06T12:04:58","slug":"educational-e-learning-platform-cu-textul-din-newsletter","status":"publish","type":"page","link":"https:\/\/flavoursofeurope.eu\/es_es\/educational-e-learning-platform-cu-textul-din-newsletter\/","title":{"rendered":"Libro Blanco de la Gastronom\u00eda Patrimonio Cultural y Marketing Digital Tur\u00edstico"},"content":{"rendered":"<div data-vc-full-width=\"true\" data-vc-full-width-init=\"false\" data-vc-stretch-content=\"true\" class=\"vc_row wpb_row vc_row-fluid vc_custom_1678104289749 vc_row-no-padding\"><div class=\"wpb_column vc_column_container vc_col-sm-12\"><div class=\"vc_column-inner\"><div class=\"wpb_wrapper\">\n\t<div  class=\"wpb_single_image wpb_content_element vc_align_left\">\n\t\t\n\t\t<figure class=\"wpb_wrapper vc_figure\">\n\t\t\t<div class=\"vc_single_image-wrapper   vc_box_border_grey\"><img width=\"2048\" height=\"301\" src=\"https:\/\/flavoursofeurope.eu\/wp-content\/uploads\/2023\/03\/Arctic-Restaurant-Autumn-flavors-Rovaniemi-Lapland-Finland-1.jpg\" class=\"vc_single_image-img attachment-full\" alt=\"\" decoding=\"async\" loading=\"lazy\" title=\"Arctic-Restaurant-Autumn-flavors-Rovaniemi-Lapland-Finland\" srcset=\"https:\/\/flavoursofeurope.eu\/wp-content\/uploads\/2023\/03\/Arctic-Restaurant-Autumn-flavors-Rovaniemi-Lapland-Finland-1.jpg 2048w, https:\/\/flavoursofeurope.eu\/wp-content\/uploads\/2023\/03\/Arctic-Restaurant-Autumn-flavors-Rovaniemi-Lapland-Finland-1-300x44.jpg 300w, https:\/\/flavoursofeurope.eu\/wp-content\/uploads\/2023\/03\/Arctic-Restaurant-Autumn-flavors-Rovaniemi-Lapland-Finland-1-1024x151.jpg 1024w, https:\/\/flavoursofeurope.eu\/wp-content\/uploads\/2023\/03\/Arctic-Restaurant-Autumn-flavors-Rovaniemi-Lapland-Finland-1-768x113.jpg 768w, https:\/\/flavoursofeurope.eu\/wp-content\/uploads\/2023\/03\/Arctic-Restaurant-Autumn-flavors-Rovaniemi-Lapland-Finland-1-1536x226.jpg 1536w, https:\/\/flavoursofeurope.eu\/wp-content\/uploads\/2023\/03\/Arctic-Restaurant-Autumn-flavors-Rovaniemi-Lapland-Finland-1-260x38.jpg 260w, https:\/\/flavoursofeurope.eu\/wp-content\/uploads\/2023\/03\/Arctic-Restaurant-Autumn-flavors-Rovaniemi-Lapland-Finland-1-50x7.jpg 50w, https:\/\/flavoursofeurope.eu\/wp-content\/uploads\/2023\/03\/Arctic-Restaurant-Autumn-flavors-Rovaniemi-Lapland-Finland-1-150x22.jpg 150w\" sizes=\"(max-width: 2048px) 100vw, 2048px\" \/><\/div>\n\t\t<\/figure>\n\t<\/div>\n<\/div><\/div><\/div><\/div><div class=\"vc_row-full-width vc_clearfix\"><\/div><div class=\"vc_row wpb_row vc_row-fluid\"><div class=\"wpb_column vc_column_container vc_col-sm-2\"><div class=\"vc_column-inner\"><div class=\"wpb_wrapper\">\n\t<div class=\"wpb_text_column wpb_content_element\" >\n\t\t<div class=\"wpb_wrapper\">\n\t\t\t<h3><strong><img decoding=\"async\" loading=\"lazy\" class=\"size-thumbnail wp-image-181 alignleft\" src=\"https:\/\/flavoursofeurope.eu\/wp-content\/uploads\/2023\/02\/1-150x150.png\" alt=\"\" width=\"150\" height=\"150\" srcset=\"https:\/\/flavoursofeurope.eu\/wp-content\/uploads\/2023\/02\/1-150x150.png 150w, https:\/\/flavoursofeurope.eu\/wp-content\/uploads\/2023\/02\/1-145x146.png 145w, https:\/\/flavoursofeurope.eu\/wp-content\/uploads\/2023\/02\/1-50x50.png 50w, https:\/\/flavoursofeurope.eu\/wp-content\/uploads\/2023\/02\/1-74x75.png 74w, https:\/\/flavoursofeurope.eu\/wp-content\/uploads\/2023\/02\/1-85x85.png 85w, https:\/\/flavoursofeurope.eu\/wp-content\/uploads\/2023\/02\/1-80x80.png 80w, https:\/\/flavoursofeurope.eu\/wp-content\/uploads\/2023\/02\/1.png 234w\" sizes=\"(max-width: 150px) 100vw, 150px\" \/><\/strong><\/h3>\n<h3><\/h3>\n<h3><\/h3>\n<h3><\/h3>\n\n\t\t<\/div>\n\t<\/div>\n<\/div><\/div><\/div><div class=\"wpb_column vc_column_container vc_col-sm-10\"><div class=\"vc_column-inner\"><div class=\"wpb_wrapper\"><div class=\"vc_empty_space\"   style=\"height: 20px\"><span class=\"vc_empty_space_inner\"><\/span><\/div>\n\t<div class=\"wpb_text_column wpb_content_element  vc_custom_1676377591160\" >\n\t\t<div class=\"wpb_wrapper\">\n\t\t\t<h3><span style=\"color: #e56565;\"><strong>Libro Blanco de la Gastronom\u00eda Patrimonio Cultural y Marketing Digital Tur\u00edstico<\/strong><\/span><\/h3>\n\n\t\t<\/div>\n\t<\/div>\n<\/div><\/div><\/div><\/div><div class=\"vc_row wpb_row vc_row-fluid\"><div class=\"wpb_column vc_column_container vc_col-sm-2\"><div class=\"vc_column-inner\"><div class=\"wpb_wrapper\"><div class=\"vc_empty_space\"   style=\"height: 20px\"><span class=\"vc_empty_space_inner\"><\/span><\/div>\n\t<div class=\"wpb_text_column wpb_content_element\" >\n\t\t<div class=\"wpb_wrapper\">\n\t\t\t<p><img decoding=\"async\" loading=\"lazy\" class=\"size-full wp-image-248 alignleft\" src=\"https:\/\/flavoursofeurope.eu\/wp-content\/uploads\/2023\/02\/Screenshot-2023-02-14-133245.png\" alt=\"\" width=\"91\" height=\"90\" srcset=\"https:\/\/flavoursofeurope.eu\/wp-content\/uploads\/2023\/02\/Screenshot-2023-02-14-133245.png 91w, https:\/\/flavoursofeurope.eu\/wp-content\/uploads\/2023\/02\/Screenshot-2023-02-14-133245-50x50.png 50w, https:\/\/flavoursofeurope.eu\/wp-content\/uploads\/2023\/02\/Screenshot-2023-02-14-133245-76x75.png 76w, https:\/\/flavoursofeurope.eu\/wp-content\/uploads\/2023\/02\/Screenshot-2023-02-14-133245-85x85.png 85w, https:\/\/flavoursofeurope.eu\/wp-content\/uploads\/2023\/02\/Screenshot-2023-02-14-133245-80x80.png 80w\" sizes=\"(max-width: 91px) 100vw, 91px\" \/><\/p>\n\n\t\t<\/div>\n\t<\/div>\n<\/div><\/div><\/div><div class=\"wpb_column vc_column_container vc_col-sm-10\"><div class=\"vc_column-inner\"><div class=\"wpb_wrapper\">\n\t<div class=\"wpb_text_column wpb_content_element\" >\n\t\t<div class=\"wpb_wrapper\">\n\t\t\t<p>The White Paper on GASTRONOMY CULTURAL HERITAGE AND TOURISM DIGITAL MARKETING is a research study in six different countries from Europe (Bulgaria, Greece, Italy, Portugal, Romania and Spain) on the link between specific gastronomy and tourism in the rural areas from these countries.<\/p>\n<p>MARKETING TUR\u00cdSTICO DIGITAL pretende ser un estudio de investigaci\u00f3n sobre las tendencias futuras del Capital Humano de los Pueblos, centrado en los adultos, principalmente mujeres, como pieza clave en el desempe\u00f1o eficiente de las estrategias de desarrollo inclusivo de las comunidades rurales a trav\u00e9s del turismo gastron\u00f3mico, en el que las instituciones privadas, los empresarios, los trabajadores, el sector p\u00fablico, las universidades y los centros de formaci\u00f3n profesional, entre otros, son esenciales para lograr el desarrollo de un sector tur\u00edstico s\u00f3lido y sostenible.<\/p>\n\n\t\t<\/div>\n\t<\/div>\n<\/div><\/div><\/div><\/div><div class=\"vc_row wpb_row vc_row-fluid\"><div class=\"wpb_column vc_column_container vc_col-sm-2\"><div class=\"vc_column-inner\"><div class=\"wpb_wrapper\">\n\t<div class=\"wpb_text_column wpb_content_element\" >\n\t\t<div class=\"wpb_wrapper\">\n\t\t\t<h3><img decoding=\"async\" loading=\"lazy\" class=\"size-full wp-image-248 alignleft\" src=\"https:\/\/flavoursofeurope.eu\/wp-content\/uploads\/2023\/02\/Screenshot-2023-02-14-133245.png\" alt=\"\" width=\"91\" height=\"90\" srcset=\"https:\/\/flavoursofeurope.eu\/wp-content\/uploads\/2023\/02\/Screenshot-2023-02-14-133245.png 91w, https:\/\/flavoursofeurope.eu\/wp-content\/uploads\/2023\/02\/Screenshot-2023-02-14-133245-50x50.png 50w, https:\/\/flavoursofeurope.eu\/wp-content\/uploads\/2023\/02\/Screenshot-2023-02-14-133245-76x75.png 76w, https:\/\/flavoursofeurope.eu\/wp-content\/uploads\/2023\/02\/Screenshot-2023-02-14-133245-85x85.png 85w, https:\/\/flavoursofeurope.eu\/wp-content\/uploads\/2023\/02\/Screenshot-2023-02-14-133245-80x80.png 80w\" sizes=\"(max-width: 91px) 100vw, 91px\" \/><\/h3>\n<h3><\/h3>\n<h3><\/h3>\n\n\t\t<\/div>\n\t<\/div>\n<\/div><\/div><\/div><div class=\"wpb_column vc_column_container vc_col-sm-10\"><div class=\"vc_column-inner\"><div class=\"wpb_wrapper\">\n\t<div class=\"wpb_text_column wpb_content_element\" >\n\t\t<div class=\"wpb_wrapper\">\n\t\t\t<h3><strong><span style=\"color: #e56565;\">Objetivos espec\u00edficos<\/span><\/strong><\/h3>\n<p><strong>Il progetto Sapori d'Europa si propone di:<\/strong><\/p>\n<ul>\n<li>indagare attraverso l'analisi delle politiche e dei documenti, nonch\u00e9 attraverso un'indagine quantitativa e qualitativa<\/li>\n<li>indagare sulla fornitura di opportunit\u00e0 nel pubblico\/settore per corsi di formazione digitale e sull'occupabilit\u00e0, servizi per adulti poco qualificati, strumenti, consulenze, ecc.<\/li>\n<li>identificare e designare 8 ambienti di apprendimento turistico formati da soggetti interessati del turismo provenienti da aree rurali depresse.<\/li>\n<\/ul>\n\n\t\t<\/div>\n\t<\/div>\n<\/div><\/div><\/div><\/div><div class=\"vc_row wpb_row vc_row-fluid\"><div class=\"wpb_column vc_column_container vc_col-sm-12\"><div class=\"vc_column-inner\"><div class=\"wpb_wrapper\"><div class=\"list_item lists_1 clearfix\"><a href=\"https:\/\/flavoursofeurope.eu\/wp-content\/uploads\/2023\/08\/FLAVOURS-OF-EUROPE-Abstract-Spanish.pdf\" ><div class=\"list_left list_icon\"><i class=\"icon-list\" aria-hidden=\"true\"><\/i><\/div><div class=\"list_right\"><h4 class=\"title\">FLAVOURS OF EUROPE - Abstract<\/h4><div class=\"desc\"><\/div><\/div><\/a><\/div>\n<div class=\"list_item lists_1 clearfix\"><a href=\"https:\/\/flavoursofeurope.eu\/wp-content\/uploads\/2023\/02\/FLAVOURS-OF-EUROPE-White-Paper-on-GASTRONOMY-CULTURAL-HERITAGE-AND-TOUR...G-1.docx\" ><div class=\"list_left list_icon\"><i class=\"icon-list\" aria-hidden=\"true\"><\/i><\/div><div class=\"list_right\"><h4 class=\"title\">FLAVOURS OF EUROPE - White Paper on GASTRONOMY CULTURAL HERITAGE AND TOURISM DIGITAL MARKETING<\/h4><div class=\"desc\"><\/div><\/div><\/a><\/div>\n<\/div><\/div><\/div><\/div><div class=\"vc_row wpb_row vc_row-fluid\"><div class=\"wpb_column vc_column_container vc_col-sm-3\"><div class=\"vc_column-inner\"><div class=\"wpb_wrapper\">\n\t<div  class=\"wpb_single_image wpb_content_element vc_align_left\">\n\t\t\n\t\t<figure class=\"wpb_wrapper vc_figure\">\n\t\t\t<div class=\"vc_single_image-wrapper   vc_box_border_grey\"><img width=\"300\" height=\"300\" src=\"https:\/\/flavoursofeurope.eu\/wp-content\/uploads\/2023\/01\/Logo_Flavours-01-300x300.png\" class=\"vc_single_image-img attachment-medium\" alt=\"\" decoding=\"async\" loading=\"lazy\" title=\"Logo_Flavours-01\" srcset=\"https:\/\/flavoursofeurope.eu\/wp-content\/uploads\/2023\/01\/Logo_Flavours-01-300x300.png 300w, https:\/\/flavoursofeurope.eu\/wp-content\/uploads\/2023\/01\/Logo_Flavours-01-1024x1024.png 1024w, https:\/\/flavoursofeurope.eu\/wp-content\/uploads\/2023\/01\/Logo_Flavours-01-150x150.png 150w, https:\/\/flavoursofeurope.eu\/wp-content\/uploads\/2023\/01\/Logo_Flavours-01-768x768.png 768w, https:\/\/flavoursofeurope.eu\/wp-content\/uploads\/2023\/01\/Logo_Flavours-01-1536x1536.png 1536w, https:\/\/flavoursofeurope.eu\/wp-content\/uploads\/2023\/01\/Logo_Flavours-01-2048x2048.png 2048w, https:\/\/flavoursofeurope.eu\/wp-content\/uploads\/2023\/01\/Logo_Flavours-01-146x146.png 146w, https:\/\/flavoursofeurope.eu\/wp-content\/uploads\/2023\/01\/Logo_Flavours-01-50x50.png 50w, https:\/\/flavoursofeurope.eu\/wp-content\/uploads\/2023\/01\/Logo_Flavours-01-75x75.png 75w, https:\/\/flavoursofeurope.eu\/wp-content\/uploads\/2023\/01\/Logo_Flavours-01-85x85.png 85w, https:\/\/flavoursofeurope.eu\/wp-content\/uploads\/2023\/01\/Logo_Flavours-01-80x80.png 80w\" sizes=\"(max-width: 300px) 100vw, 300px\" \/><\/div>\n\t\t<\/figure>\n\t<\/div>\n<\/div><\/div><\/div><div class=\"wpb_column vc_column_container vc_col-sm-6\"><div class=\"vc_column-inner\"><div class=\"wpb_wrapper\"><\/div><\/div><\/div><div class=\"wpb_column vc_column_container vc_col-sm-3\"><div class=\"vc_column-inner\"><div class=\"wpb_wrapper\">\n\t<div  class=\"wpb_single_image wpb_content_element vc_align_left\">\n\t\t\n\t\t<figure class=\"wpb_wrapper vc_figure\">\n\t\t\t<div class=\"vc_single_image-wrapper   vc_box_border_grey\"><img width=\"300\" height=\"300\" src=\"https:\/\/flavoursofeurope.eu\/wp-content\/uploads\/2023\/02\/Logo_Flavours-01-300x300.png\" class=\"vc_single_image-img attachment-medium\" alt=\"\" decoding=\"async\" loading=\"lazy\" title=\"Logo_Flavours-01\" srcset=\"https:\/\/flavoursofeurope.eu\/wp-content\/uploads\/2023\/02\/Logo_Flavours-01-300x300.png 300w, https:\/\/flavoursofeurope.eu\/wp-content\/uploads\/2023\/02\/Logo_Flavours-01-1024x1024.png 1024w, https:\/\/flavoursofeurope.eu\/wp-content\/uploads\/2023\/02\/Logo_Flavours-01-150x150.png 150w, https:\/\/flavoursofeurope.eu\/wp-content\/uploads\/2023\/02\/Logo_Flavours-01-768x768.png 768w, https:\/\/flavoursofeurope.eu\/wp-content\/uploads\/2023\/02\/Logo_Flavours-01-1536x1536.png 1536w, https:\/\/flavoursofeurope.eu\/wp-content\/uploads\/2023\/02\/Logo_Flavours-01-2048x2048.png 2048w, https:\/\/flavoursofeurope.eu\/wp-content\/uploads\/2023\/02\/Logo_Flavours-01-146x146.png 146w, https:\/\/flavoursofeurope.eu\/wp-content\/uploads\/2023\/02\/Logo_Flavours-01-50x50.png 50w, https:\/\/flavoursofeurope.eu\/wp-content\/uploads\/2023\/02\/Logo_Flavours-01-75x75.png 75w, https:\/\/flavoursofeurope.eu\/wp-content\/uploads\/2023\/02\/Logo_Flavours-01-85x85.png 85w, https:\/\/flavoursofeurope.eu\/wp-content\/uploads\/2023\/02\/Logo_Flavours-01-80x80.png 80w\" sizes=\"(max-width: 300px) 100vw, 300px\" \/><\/div>\n\t\t<\/figure>\n\t<\/div>\n<\/div><\/div><\/div><\/div><div data-vc-full-width=\"true\" data-vc-full-width-init=\"false\" class=\"vc_row wpb_row vc_row-fluid vc_custom_1676371208245 vc_row-has-fill\"><div class=\"wpb_column vc_column_container vc_col-sm-12\"><div class=\"vc_column-inner\"><div class=\"wpb_wrapper\">\n\t<div class=\"wpb_text_column wpb_content_element  vc_custom_1676371240656\" >\n\t\t<div class=\"wpb_wrapper\">\n\t\t\t<p class=\" translation-block\"><span style=\"color: #ffffff\"><strong>El apoyo de la Comisi\u00f3n Europea para la producci\u00f3n de esta publicaci\u00f3n no constituye una aprobaci\u00f3n del contenido que refleja \u00fanicamente los puntos de vista de los autores, y la Comisi\u00f3n no se hace responsable del uso que pueda hacerse de la informaci\u00f3n contenida en el mismo.<\/strong><\/span><\/p>\n\n\t\t<\/div>\n\t<\/div>\n<\/div><\/div><\/div><\/div><div class=\"vc_row-full-width vc_clearfix\"><\/div>","protected":false},"excerpt":{"rendered":"White Paper on Gastronomy Cultural Heritage and Tourism Digital Marketing The White Paper on GASTRONOMY CULTURAL HERITAGE AND TOURISM DIGITAL MARKETING is a research study in<span class=\"excerpt-hellip\"> [\u2026]<\/span>","protected":false},"author":1,"featured_media":0,"parent":0,"menu_order":0,"comment_status":"closed","ping_status":"closed","template":"","meta":[],"_links":{"self":[{"href":"https:\/\/flavoursofeurope.eu\/es_es\/wp-json\/wp\/v2\/pages\/242"}],"collection":[{"href":"https:\/\/flavoursofeurope.eu\/es_es\/wp-json\/wp\/v2\/pages"}],"about":[{"href":"https:\/\/flavoursofeurope.eu\/es_es\/wp-json\/wp\/v2\/types\/page"}],"author":[{"embeddable":true,"href":"https:\/\/flavoursofeurope.eu\/es_es\/wp-json\/wp\/v2\/users\/1"}],"replies":[{"embeddable":true,"href":"https:\/\/flavoursofeurope.eu\/es_es\/wp-json\/wp\/v2\/comments?post=242"}],"version-history":[{"count":12,"href":"https:\/\/flavoursofeurope.eu\/es_es\/wp-json\/wp\/v2\/pages\/242\/revisions"}],"predecessor-version":[{"id":316,"href":"https:\/\/flavoursofeurope.eu\/es_es\/wp-json\/wp\/v2\/pages\/242\/revisions\/316"}],"wp:attachment":[{"href":"https:\/\/flavoursofeurope.eu\/es_es\/wp-json\/wp\/v2\/media?parent=242"}],"curies":[{"name":"wp","href":"https:\/\/api.w.org\/{rel}","templated":true}]}}